{"id":12922308,"date":"2024-10-03T09:47:27","date_gmt":"2024-10-03T02:47:27","guid":{"rendered":"https:\/\/msdunitedwayvn.org\/?page_id=12922308"},"modified":"2024-10-09T13:57:14","modified_gmt":"2024-10-09T06:57:14","slug":"chinh-sach-bao-ve-tre-em","status":"publish","type":"page","link":"https:\/\/msdunitedwayvn.org\/en\/chinh-sach-bao-ve-tre-em\/","title":{"rendered":"Child safeguarding policy"},"content":{"rendered":"<div data-elementor-type=\"wp-page\" data-elementor-id=\"12922308\" class=\"elementor elementor-12922308\" data-elementor-post-type=\"page\">\n\t\t\t\t\t\t<section class=\"elementor-section elementor-top-section elementor-element elementor-element-5201522 elementor-section-full_width elementor-section-stretched elementor-section-height-default elementor-section-height-default\" data-id=\"5201522\" data-element_type=\"section\" data-settings=\"{&quot;stretch_section&quot;:&quot;section-stretched&quot;,&quot;jet_parallax_layout_list&quot;:[],&quot;background_background&quot;:&quot;classic&quot;}\">\n\t\t\t\t\t\t<div class=\"elementor-container elementor-column-gap-default\">\n\t\t\t\t\t<div class=\"elementor-column elementor-col-100 elementor-top-column elementor-element elementor-element-a916254\" data-id=\"a916254\" data-element_type=\"column\">\n\t\t\t<div class=\"elementor-widget-wrap elementor-element-populated\">\n\t\t\t\t\t\t<div class=\"elementor-element elementor-element-9362482 elementor-invisible elementor-widget elementor-widget-heading\" data-id=\"9362482\" data-element_type=\"widget\" data-settings=\"{&quot;_animation&quot;:&quot;fadeInLeft&quot;}\" data-widget_type=\"heading.default\">\n\t\t\t\t<div class=\"elementor-widget-container\">\n\t\t\t<h2 class=\"elementor-heading-title elementor-size-default\">CH\u00cdNH S\u00c1CH AN TO\u00c0N<\/h2>\t\t<\/div>\n\t\t\t\t<\/div>\n\t\t\t\t\t<\/div>\n\t\t<\/div>\n\t\t\t\t\t<\/div>\n\t\t<\/section>\n\t\t\t\t<section class=\"elementor-section elementor-top-section elementor-element elementor-element-4b02160 elementor-section-boxed elementor-section-height-default elementor-section-height-default\" data-id=\"4b02160\" data-element_type=\"section\" data-settings=\"{&quot;jet_parallax_layout_list&quot;:[]}\">\n\t\t\t\t\t\t<div class=\"elementor-container elementor-column-gap-default\">\n\t\t\t\t\t<div class=\"elementor-column elementor-col-100 elementor-top-column elementor-element elementor-element-21a9341\" data-id=\"21a9341\" data-element_type=\"column\">\n\t\t\t<div class=\"elementor-widget-wrap elementor-element-populated\">\n\t\t\t\t\t\t<div class=\"elementor-element elementor-element-21d12b4 elementor-widget elementor-widget-text-editor\" data-id=\"21d12b4\" data-element_type=\"widget\" data-widget_type=\"text-editor.default\">\n\t\t\t\t<div class=\"elementor-widget-container\">\n\t\t\t\t\t\t\t<h4 style=\"text-align: justify\">As an organization working with and for children, we are committed to advocating for their rights and best interests. We strive to build a community where children are protected, empowered to participate, express their opinions, and take action on matters that affect them<\/h4>\n<h4 style=\"text-align: justify\">MSD United Way Vietnam has developed a Child Protection Policy to:<\/h4>\n<ol style=\"text-align: justify\">\n<li>\n<h4>Raise awareness among staff and partners about child abuse, violence, and the risks faced by children.<\/h4>\n<\/li>\n<li>\n<h4>Identify risks and suspected cases of child abuse.<\/h4>\n<\/li>\n<li>\n<h4>Provide guidance on response and support measures in cases of child abuse.<\/h4>\n<\/li>\n<\/ol>\n<h4 style=\"text-align: justify\">To uphold these commitments and ensure the implementation of the Child Protection Policy\u2014particularly in preventing and responding to cases of child abuse\u2014MSD United Way Vietnam has established guidelines and codes of conduct for interactions between adults and children in its activities. These procedures and rules provide staff, volunteers, donors, and partners with a clear understanding of their responsibilities in this matter, as well as the proper channels for reporting related concerns.<\/h4>\n<h4 style=\"text-align: justify\">See more:\u00a0<strong><span style=\"text-decoration: underline\"><a href=\"https:\/\/drive.google.com\/file\/d\/1TS-SyZWtvOVgpBA0rdg2U_AYJOn6OfYB\/view?usp=sharing\">MSD - Child safeguarding policy <\/a><\/span><\/strong><strong>and <span style=\"text-decoration: underline\"><a href=\"https:\/\/drive.google.com\/file\/d\/1cxqqI7I7oDX6xhG-6tLtCxIanrGcMS_v\/view?usp=sharing\">Policy on prevention of sexual harassment, exploitation, and abuse<\/a><\/span><\/strong><\/h4>\n\t\t\t\t\t\t<\/div>\n\t\t\t\t<\/div>\n\t\t\t\t\t<\/div>\n\t\t<\/div>\n\t\t\t\t\t<\/div>\n\t\t<\/section>\n\t\t\t\t<\/div>","protected":false},"excerpt":{"rendered":"","protected":false},"author":1,"featured_media":0,"parent":0,"menu_order":0,"comment_status":"closed","ping_status":"closed","template":"","meta":{"footnotes":""},"_links":{"self":[{"href":"https:\/\/msdunitedwayvn.org\/en\/wp-json\/wp\/v2\/pages\/12922308"}],"collection":[{"href":"https:\/\/msdunitedwayvn.org\/en\/wp-json\/wp\/v2\/pages"}],"about":[{"href":"https:\/\/msdunitedwayvn.org\/en\/wp-json\/wp\/v2\/types\/page"}],"author":[{"embeddable":true,"href":"https:\/\/msdunitedwayvn.org\/en\/wp-json\/wp\/v2\/users\/1"}],"replies":[{"embeddable":true,"href":"https:\/\/msdunitedwayvn.org\/en\/wp-json\/wp\/v2\/comments?post=12922308"}],"version-history":[{"count":13,"href":"https:\/\/msdunitedwayvn.org\/en\/wp-json\/wp\/v2\/pages\/12922308\/revisions"}],"predecessor-version":[{"id":12922566,"href":"https:\/\/msdunitedwayvn.org\/en\/wp-json\/wp\/v2\/pages\/12922308\/revisions\/12922566"}],"wp:attachment":[{"href":"https:\/\/msdunitedwayvn.org\/en\/wp-json\/wp\/v2\/media?parent=12922308"}],"curies":[{"name":"wp","href":"https:\/\/api.w.org\/{rel}","templated":true}]}}