{"id":2041,"date":"2022-12-28T08:49:58","date_gmt":"2022-12-28T08:49:58","guid":{"rendered":"https:\/\/msdunitedwayvn.org\/minh-bach-tai-chinh-2\/"},"modified":"2022-12-28T08:50:24","modified_gmt":"2022-12-28T08:50:24","slug":"danh-sach-nha-tai-tro","status":"publish","type":"page","link":"https:\/\/msdunitedwayvn.org\/en\/danh-sach-nha-tai-tro\/","title":{"rendered":"Donors' List"},"content":{"rendered":"<div data-elementor-type=\"wp-page\" data-elementor-id=\"2041\" class=\"elementor elementor-2041\" data-elementor-post-type=\"page\">\n\t\t\t\t\t\t<section class=\"elementor-section elementor-top-section elementor-element elementor-element-30a1e39 elementor-section-stretched elementor-section-boxed elementor-section-height-default elementor-section-height-default\" data-id=\"30a1e39\" data-element_type=\"section\" data-settings=\"{&quot;stretch_section&quot;:&quot;section-stretched&quot;,&quot;jet_parallax_layout_list&quot;:[],&quot;background_background&quot;:&quot;classic&quot;}\">\n\t\t\t\t\t\t<div class=\"elementor-container elementor-column-gap-default\">\n\t\t\t\t\t<div class=\"elementor-column elementor-col-100 elementor-top-column elementor-element elementor-element-0065576 elementor-invisible\" data-id=\"0065576\" data-element_type=\"column\" data-settings=\"{&quot;animation&quot;:&quot;fadeInLeft&quot;}\">\n\t\t\t<div class=\"elementor-widget-wrap\">\n\t\t\t\t\t\t\t<\/div>\n\t\t<\/div>\n\t\t\t\t\t<\/div>\n\t\t<\/section>\n\t\t\t\t<section class=\"elementor-section elementor-top-section elementor-element elementor-element-b127040 elementor-section-boxed elementor-section-height-default elementor-section-height-default\" data-id=\"b127040\" data-element_type=\"section\" data-settings=\"{&quot;jet_parallax_layout_list&quot;:[]}\">\n\t\t\t\t\t\t<div class=\"elementor-container elementor-column-gap-default\">\n\t\t\t\t\t<div class=\"elementor-column elementor-col-100 elementor-top-column elementor-element elementor-element-f9d5b17\" data-id=\"f9d5b17\" data-element_type=\"column\">\n\t\t\t<div class=\"elementor-widget-wrap elementor-element-populated\">\n\t\t\t\t\t\t<div class=\"elementor-element elementor-element-6051365 elementor-invisible elementor-widget elementor-widget-heading\" data-id=\"6051365\" data-element_type=\"widget\" data-settings=\"{&quot;_animation&quot;:&quot;fadeInRight&quot;}\" data-widget_type=\"heading.default\">\n\t\t\t\t<div class=\"elementor-widget-container\">\n\t\t\t<h2 class=\"elementor-heading-title elementor-size-default\">MINH B\u1ea0CH T\u00c0I CH\u00cdNH<\/h2>\t\t<\/div>\n\t\t\t\t<\/div>\n\t\t\t\t<div class=\"elementor-element elementor-element-0e73452 elementor-widget elementor-widget-text-editor\" data-id=\"0e73452\" data-element_type=\"widget\" data-widget_type=\"text-editor.default\">\n\t\t\t\t<div class=\"elementor-widget-container\">\n\t\t\t\t\t\t\t<p><span style=\"font-weight: 400;\">MSD United Way Vietnam tin r\u1eb1ng vi\u1ec7c x\u00e2y d\u1ef1ng l\u00f2ng tin \u0111\u1ed1i v\u1edbi c\u00f4ng ch\u00fang l\u00e0 m\u1ed9t vi\u1ec7c v\u00f4 c\u00f9ng quan tr\u1ecdng. V\u00e0 t\u00ednh minh b\u1ea1ch l\u00e0 m\u1ed9t trong nh\u1eefng y\u1ebfu t\u1ed1 \u0111\u1ec3 x\u00e2y d\u1ef1ng n\u00ean l\u00f2ng tin \u0111\u00f3.\u00a0<br \/><\/span><span style=\"font-weight: 400;\">C\u00e1ch c\u1ee5 th\u1ec3 nh\u1ea5t \u0111\u1ec3 th\u1ec3 hi\u1ec7n t\u00ednh minh b\u1ea1ch l\u00e0 cung c\u1ea5p nh\u1eefng b\u00e1o c\u00e1o ho\u1ea1t \u0111\u1ed9ng th\u01b0\u1eddng ni\u00ean v\u00e0 b\u00e1o c\u00e1o t\u00e0i ch\u00ednh \u0111\u01b0\u1ee3c ki\u1ec3m to\u00e1n \u0111\u1ed9c l\u1eadp c\u1ee7a MSD United Way Vietnam. Th\u00f4ng qua \u0111\u00f3, s\u1ebd th\u1ec3 hi\u1ec7n cam k\u1ebft c\u1ee7a ch\u00fang t\u00f4i \u0111\u1ed1i v\u1edbi v\u1edbi tr\u00e1ch nhi\u1ec7m gi\u1ea3i tr\u00ecnh tr\u01b0\u1edbc c\u00f4ng ch\u00fang trong vi\u1ec7c qu\u1ea3n l\u00fd t\u00e0i ch\u00ednh \u0111\u1ed1i v\u1edbi t\u00e0i s\u1ea3n m\u00e0 nh\u1eefng nh\u00e0 h\u1ea3o t\u00e2m \u0111\u00e3 tin t\u01b0\u1edfng giao ph\u00f3 cho MSD United Way Vietnam.<br \/>B\u00e1o c\u00e1o th\u01b0\u1eddng ni\u00ean: 2022\u00a0 \u00a02023\u00a0 \u00a02024\u00a0 \u00a02025\u00a0 \u00a02026\u00a0 \u00a02027\u00a0 \u00a02028\u00a0 \u00a02029\u00a0 \u00a02030\u00a0 \u00a02031\u00a0 \u00a02032<br \/>B\u00e1o c\u00e1o t\u00e0i ch\u00ednh:\u00a0 \u00a0 \u00a0 \u00a0 2022\u00a0 \u00a02023\u00a0 \u00a02024\u00a0 \u00a02025\u00a0 \u00a02026\u00a0 \u00a02027\u00a0 \u00a02028\u00a0 \u00a02029\u00a0 \u00a02030\u00a0 \u00a02031\u00a0 \u00a02032<br \/><\/span><\/p>\t\t\t\t\t\t<\/div>\n\t\t\t\t<\/div>\n\t\t\t\t<div class=\"elementor-element elementor-element-57035e7 elementor-invisible elementor-widget elementor-widget-heading\" data-id=\"57035e7\" data-element_type=\"widget\" data-settings=\"{&quot;_animation&quot;:&quot;fadeInRight&quot;}\" data-widget_type=\"heading.default\">\n\t\t\t\t<div class=\"elementor-widget-container\">\n\t\t\t<h2 class=\"elementor-heading-title elementor-size-default\">TI\u1ec0N C\u1ee6A B\u1ea0N \u0110\u00c3 \u0110\u01af\u1ee2C S\u1eec D\u1ee4NG NH\u01af TH\u1ebe N\u00c0O<\/h2>\t\t<\/div>\n\t\t\t\t<\/div>\n\t\t\t\t<section class=\"elementor-section elementor-inner-section elementor-element elementor-element-f8039c3 elementor-section-boxed elementor-section-height-default elementor-section-height-default\" data-id=\"f8039c3\" data-element_type=\"section\" data-settings=\"{&quot;jet_parallax_layout_list&quot;:[]}\">\n\t\t\t\t\t\t<div class=\"elementor-container elementor-column-gap-default\">\n\t\t\t\t\t<div class=\"elementor-column elementor-col-50 elementor-inner-column elementor-element elementor-element-03f15cd\" data-id=\"03f15cd\" data-element_type=\"column\">\n\t\t\t<div class=\"elementor-widget-wrap elementor-element-populated\">\n\t\t\t\t\t\t<div class=\"elementor-element elementor-element-2da7b4e elementor-widget elementor-widget-text-editor\" data-id=\"2da7b4e\" data-element_type=\"widget\" data-widget_type=\"text-editor.default\">\n\t\t\t\t<div class=\"elementor-widget-container\">\n\t\t\t\t\t\t\t<p><span style=\"font-weight: 400;\">MSD United Way Vietnam r\u1ea5t tr\u00e2n tr\u1ecdng t\u1eebng kho\u1ea3n \u0111\u00f3ng g\u00f3p c\u1ee7a b\u1ea1n cho c\u1ed9ng \u0111\u1ed3ng. S\u1ef1 h\u1ed7 tr\u1ee3 c\u1ee7a b\u1ea1n s\u1ebd gi\u00fap nh\u1eefng ng\u01b0\u1eddi y\u1ebfu th\u1ebf v\u00e0 c\u00f3 ho\u00e0n c\u1ea3nh kh\u00f3 kh\u0103n c\u00f3 c\u01a1 h\u1ed9i ti\u1ebfp c\u1eadn gi\u00e1o d\u1ee5c t\u1ed1t h\u01a1n, c\u00f3 n\u1ec1n t\u1ea3ng t\u00e0i ch\u00ednh v\u1eefng ch\u1eafc h\u01a1n v\u00e0 c\u00f3 m\u1ed9t cu\u1ed9c s\u1ed1ng l\u00e0nh m\u1ea1nh h\u01a1n.<br \/><\/span><span style=\"font-weight: 400;\">Ch\u00fang t\u00f4i cam k\u1ebft lu\u00f4n trung th\u1ef1c, t\u1eadn t\u00e2m, minh b\u1ea1ch v\u00e0 s\u1eed d\u1ee5ng ti\u1ec1n t\u00e0i tr\u1ee3 c\u1ee7a b\u1ea1n \u0111\u00fang m\u1ee5c \u0111\u00edch v\u00e0 hi\u1ec7u qu\u1ea3.<br \/><\/span><span style=\"font-weight: 400;\">V\u00ec m\u1ee5c ti\u00eau ph\u00e1t tri\u1ec3n b\u1ec1n v\u1eefng, ch\u00fang t\u00f4i s\u1ebd s\u1eed d\u1ee5ng kho\u1ea3n ti\u1ec1n t\u00e0i tr\u1ee3 c\u1ee7a b\u1ea1n cho nh\u1eefng m\u1ee5c \u0111\u00edch sau:<br \/><\/span><span style=\"font-weight: 400;\">75%: Chi ph\u00ed d\u00f9ng cho d\u1ef1 \u00e1n \u2013 ch\u01b0\u01a1ng tr\u00ecnh v\u1ec1 gi\u00e1o d\u1ee5c, thu nh\u1eadp v\u00e0 s\u1ee9c kh\u1ecfe m\u00f4i tr\u01b0\u1eddng.<br \/><\/span><span style=\"font-weight: 400;\">20%: Chi ph\u00ed h\u00e0nh ch\u00ednh, ph\u00e1t tri\u1ec3n v\u00e0 n\u00e2ng cao n\u0103ng l\u1ef1c c\u1ee7a t\u1ed5 ch\u1ee9c v\u00e0 t\u00ecnh nguy\u1ec7n vi\u00ean.<br \/><\/span><span style=\"font-weight: 400;\">5%: Chi ph\u00ed d\u1ef1 ph\u00f2ng.<\/span><\/p>\n<p><span style=\"font-weight: 400;\">\u00a0<\/span><\/p>\t\t\t\t\t\t<\/div>\n\t\t\t\t<\/div>\n\t\t\t\t\t<\/div>\n\t\t<\/div>\n\t\t\t\t<div class=\"elementor-column elementor-col-50 elementor-inner-column elementor-element elementor-element-2fe3d57\" data-id=\"2fe3d57\" data-element_type=\"column\">\n\t\t\t<div class=\"elementor-widget-wrap elementor-element-populated\">\n\t\t\t\t\t\t<div class=\"elementor-element elementor-element-dd2f1ba elementor-widget elementor-widget-jet-pie-chart\" data-id=\"dd2f1ba\" data-element_type=\"widget\" data-widget_type=\"jet-pie-chart.default\">\n\t\t\t\t<div class=\"elementor-widget-container\">\n\t\t\t<div class=\"elementor-jet-pie-chart jet-elements\">\n\t\t<div class=\"jet-pie-chart-container\" data-chart=\"{&quot;datasets&quot;:[{&quot;data&quot;:[50,50,50],&quot;backgroundColor&quot;:[&quot;#dd4b39&quot;,&quot;#3b5998&quot;,&quot;#55acee&quot;],&quot;borderWidth&quot;:1,&quot;borderColor&quot;:&quot;#ffffff&quot;,&quot;hoverBorderColor&quot;:&quot;#ffffff&quot;}],&quot;labels&quot;:[&quot;Google&quot;,&quot;Facebook&quot;,&quot;Twitter&quot;]}\" data-options=\"{&quot;animation&quot;:{&quot;duration&quot;:1000,&quot;easing&quot;:&quot;easeOutQuart&quot;,&quot;animateScale&quot;:false},&quot;legend&quot;:{&quot;display&quot;:true,&quot;position&quot;:&quot;top&quot;,&quot;reverse&quot;:false,&quot;align&quot;:&quot;center&quot;},&quot;tooltips&quot;:{&quot;enabled&quot;:true}}\" data-tooltip=\"\">\n\t\t\t<canvas class=\"jet-pie-chart\" role=\"img\" aria-label=\"Bi\u1ec3u \u0111\u1ed3\"><\/canvas>\n\t\t<\/div>\n\n\t\t<div class=\"jet-pie-chart-title-container\"><h5 class=\"jet-pie-chart-title\">Bi\u1ec3u \u0111\u1ed3<\/h5><\/div><\/div>\t\t<\/div>\n\t\t\t\t<\/div>\n\t\t\t\t\t<\/div>\n\t\t<\/div>\n\t\t\t\t\t<\/div>\n\t\t<\/section>\n\t\t\t\t\t<\/div>\n\t\t<\/div>\n\t\t\t\t\t<\/div>\n\t\t<\/section>\n\t\t\t\t<\/div>","protected":false},"excerpt":{"rendered":"<p>MINH B\u1ea0CH T\u00c0I CH\u00cdNH MSD United Way Vietnam tin r\u1eb1ng vi\u1ec7c x\u00e2y d\u1ef1ng l\u00f2ng tin \u0111\u1ed1i v\u1edbi c\u00f4ng ch\u00fang l\u00e0 m\u1ed9t vi\u1ec7c v\u00f4 c\u00f9ng quan tr\u1ecdng. V\u00e0 t\u00ednh minh b\u1ea1ch l\u00e0 m\u1ed9t trong nh\u1eefng y\u1ebfu t\u1ed1 \u0111\u1ec3 x\u00e2y d\u1ef1ng n\u00ean l\u00f2ng tin \u0111\u00f3.\u00a0C\u00e1ch c\u1ee5 th\u1ec3 nh\u1ea5t \u0111\u1ec3 th\u1ec3 hi\u1ec7n t\u00ednh minh b\u1ea1ch l\u00e0 cung c\u1ea5p [&hellip;]<\/p>","protected":false},"author":1,"featured_media":0,"parent":0,"menu_order":0,"comment_status":"closed","ping_status":"closed","template":"","meta":{"footnotes":""},"_links":{"self":[{"href":"https:\/\/msdunitedwayvn.org\/en\/wp-json\/wp\/v2\/pages\/2041"}],"collection":[{"href":"https:\/\/msdunitedwayvn.org\/en\/wp-json\/wp\/v2\/pages"}],"about":[{"href":"https:\/\/msdunitedwayvn.org\/en\/wp-json\/wp\/v2\/types\/page"}],"author":[{"embeddable":true,"href":"https:\/\/msdunitedwayvn.org\/en\/wp-json\/wp\/v2\/users\/1"}],"replies":[{"embeddable":true,"href":"https:\/\/msdunitedwayvn.org\/en\/wp-json\/wp\/v2\/comments?post=2041"}],"version-history":[{"count":0,"href":"https:\/\/msdunitedwayvn.org\/en\/wp-json\/wp\/v2\/pages\/2041\/revisions"}],"wp:attachment":[{"href":"https:\/\/msdunitedwayvn.org\/en\/wp-json\/wp\/v2\/media?parent=2041"}],"curies":[{"name":"wp","href":"https:\/\/api.w.org\/{rel}","templated":true}]}}