{"id":2252,"date":"2023-01-05T11:06:06","date_gmt":"2023-01-05T04:06:06","guid":{"rendered":"https:\/\/msdunitedwayvn.org\/?page_id=2252"},"modified":"2023-01-18T10:52:35","modified_gmt":"2023-01-18T03:52:35","slug":"huong-dan-su-dung","status":"publish","type":"page","link":"https:\/\/msdunitedwayvn.org\/en\/huong-dan-su-dung\/","title":{"rendered":"H\u01b0\u1edbng d\u1eabn s\u1eed d\u1ee5ng"},"content":{"rendered":"<div data-elementor-type=\"wp-page\" data-elementor-id=\"2252\" class=\"elementor elementor-2252\" data-elementor-post-type=\"page\">\n\t\t\t\t\t\t<section class=\"elementor-section elementor-top-section elementor-element elementor-element-3606380 elementor-section-boxed elementor-section-height-default elementor-section-height-default\" data-id=\"3606380\" data-element_type=\"section\" data-settings=\"{&quot;jet_parallax_layout_list&quot;:[],&quot;background_background&quot;:&quot;classic&quot;}\">\n\t\t\t\t\t\t<div class=\"elementor-container elementor-column-gap-default\">\n\t\t\t\t\t<div class=\"elementor-column elementor-col-50 elementor-top-column elementor-element elementor-element-462beb9c\" data-id=\"462beb9c\" data-element_type=\"column\">\n\t\t\t<div class=\"elementor-widget-wrap elementor-element-populated\">\n\t\t\t\t\t\t<div class=\"elementor-element elementor-element-538721ef elementor-widget elementor-widget-image\" data-id=\"538721ef\" data-element_type=\"widget\" data-widget_type=\"image.default\">\n\t\t\t\t<div class=\"elementor-widget-container\">\n\t\t\t\t\t\t\t\t\t\t\t\t\t<img fetchpriority=\"high\" decoding=\"async\" width=\"300\" height=\"180\" src=\"https:\/\/msdunitedwayvn.org\/wp-content\/uploads\/2023\/01\/Add-a-heading-2-300x180-1.png\" class=\"attachment-full size-full wp-image-2254\" alt=\"\" srcset=\"https:\/\/msdunitedwayvn.org\/wp-content\/uploads\/2023\/01\/Add-a-heading-2-300x180-1.png 300w, https:\/\/msdunitedwayvn.org\/wp-content\/uploads\/2023\/01\/Add-a-heading-2-300x180-1-18x12.png 18w\" sizes=\"(max-width: 300px) 100vw, 300px\" \/>\t\t\t\t\t\t\t\t\t\t\t\t\t<\/div>\n\t\t\t\t<\/div>\n\t\t\t\t\t<\/div>\n\t\t<\/div>\n\t\t\t\t<div class=\"elementor-column elementor-col-50 elementor-top-column elementor-element elementor-element-2ff72f12\" data-id=\"2ff72f12\" data-element_type=\"column\">\n\t\t\t<div class=\"elementor-widget-wrap elementor-element-populated\">\n\t\t\t\t\t\t<div class=\"elementor-element elementor-element-30a17456 elementor-widget elementor-widget-text-editor\" data-id=\"30a17456\" data-element_type=\"widget\" data-widget_type=\"text-editor.default\">\n\t\t\t\t<div class=\"elementor-widget-container\">\n\t\t\t\t\t\t\t<p>Sala Residence, Inspire Hub Office<br \/>122-124 B2 Street, An Loi Dong Ward, Thu Duc City, Ho Chi Minh City.<br \/><a href=\"https:\/\/ken-marketing.com\/\" target=\"_blank\" rel=\"noopener\">www.ken-marketing.com<\/a><br \/>hello@ken-marketing.com (84) 938 195 827<\/p>\t\t\t\t\t\t<\/div>\n\t\t\t\t<\/div>\n\t\t\t\t\t<\/div>\n\t\t<\/div>\n\t\t\t\t\t<\/div>\n\t\t<\/section>\n\t\t\t\t<section class=\"elementor-section elementor-top-section elementor-element elementor-element-49041b6c elementor-section-boxed elementor-section-height-default elementor-section-height-default\" data-id=\"49041b6c\" data-element_type=\"section\" data-settings=\"{&quot;jet_parallax_layout_list&quot;:[]}\">\n\t\t\t\t\t\t<div class=\"elementor-container elementor-column-gap-default\">\n\t\t\t\t\t<div class=\"elementor-column elementor-col-100 elementor-top-column elementor-element elementor-element-5df864fe\" data-id=\"5df864fe\" data-element_type=\"column\">\n\t\t\t<div class=\"elementor-widget-wrap elementor-element-populated\">\n\t\t\t\t\t\t<div class=\"elementor-element elementor-element-48053b07 elementor-widget elementor-widget-heading\" data-id=\"48053b07\" data-element_type=\"widget\" data-widget_type=\"heading.default\">\n\t\t\t\t<div class=\"elementor-widget-container\">\n\t\t\t<h2 class=\"elementor-heading-title elementor-size-default\">Web Guideline<\/h2>\t\t<\/div>\n\t\t\t\t<\/div>\n\t\t\t\t<div class=\"elementor-element elementor-element-5fe4f6e6 elementor-widget elementor-widget-heading\" data-id=\"5fe4f6e6\" data-element_type=\"widget\" data-widget_type=\"heading.default\">\n\t\t\t\t<div class=\"elementor-widget-container\">\n\t\t\t<h2 class=\"elementor-heading-title elementor-size-default\">(Vui l\u00f2ng xem tr\u00ean m\u00e1y t\u00ednh \u0111\u1ec3 th\u1ea5y chi ti\u1ebft nh\u1ea5t)<\/h2>\t\t<\/div>\n\t\t\t\t<\/div>\n\t\t\t\t\t<\/div>\n\t\t<\/div>\n\t\t\t\t\t<\/div>\n\t\t<\/section>\n\t\t\t\t<section class=\"elementor-section elementor-top-section elementor-element elementor-element-759689a0 elementor-section-boxed elementor-section-height-default elementor-section-height-default\" data-id=\"759689a0\" data-element_type=\"section\" data-settings=\"{&quot;jet_parallax_layout_list&quot;:[]}\">\n\t\t\t\t\t\t<div class=\"elementor-container elementor-column-gap-default\">\n\t\t\t\t\t<div class=\"elementor-column elementor-col-100 elementor-top-column elementor-element elementor-element-297ee064\" data-id=\"297ee064\" data-element_type=\"column\">\n\t\t\t<div class=\"elementor-widget-wrap elementor-element-populated\">\n\t\t\t\t\t\t<section class=\"elementor-section elementor-inner-section elementor-element elementor-element-4e90b52c elementor-section-boxed elementor-section-height-default elementor-section-height-default\" data-id=\"4e90b52c\" data-element_type=\"section\" data-settings=\"{&quot;jet_parallax_layout_list&quot;:[],&quot;background_background&quot;:&quot;classic&quot;}\">\n\t\t\t\t\t\t<div class=\"elementor-container elementor-column-gap-default\">\n\t\t\t\t\t<div class=\"elementor-column elementor-col-50 elementor-inner-column elementor-element elementor-element-30039459\" data-id=\"30039459\" data-element_type=\"column\">\n\t\t\t<div class=\"elementor-widget-wrap elementor-element-populated\">\n\t\t\t\t\t\t<div class=\"elementor-element elementor-element-296a317b elementor-widget elementor-widget-heading\" data-id=\"296a317b\" data-element_type=\"widget\" data-widget_type=\"heading.default\">\n\t\t\t\t<div class=\"elementor-widget-container\">\n\t\t\t<h2 class=\"elementor-heading-title elementor-size-default\">Thao t\u00e1c<\/h2>\t\t<\/div>\n\t\t\t\t<\/div>\n\t\t\t\t\t<\/div>\n\t\t<\/div>\n\t\t\t\t<div class=\"elementor-column elementor-col-50 elementor-inner-column elementor-element elementor-element-4ae5f41\" data-id=\"4ae5f41\" data-element_type=\"column\">\n\t\t\t<div class=\"elementor-widget-wrap elementor-element-populated\">\n\t\t\t\t\t\t<div class=\"elementor-element elementor-element-1097113b elementor-widget elementor-widget-heading\" data-id=\"1097113b\" data-element_type=\"widget\" data-widget_type=\"heading.default\">\n\t\t\t\t<div class=\"elementor-widget-container\">\n\t\t\t<h2 class=\"elementor-heading-title elementor-size-default\">Video, h\u00ecnh \u1ea3nh minh h\u1ecda<\/h2>\t\t<\/div>\n\t\t\t\t<\/div>\n\t\t\t\t\t<\/div>\n\t\t<\/div>\n\t\t\t\t\t<\/div>\n\t\t<\/section>\n\t\t\t\t<section class=\"elementor-section elementor-inner-section elementor-element elementor-element-121e6063 elementor-section-boxed elementor-section-height-default elementor-section-height-default\" data-id=\"121e6063\" data-element_type=\"section\" data-settings=\"{&quot;jet_parallax_layout_list&quot;:[]}\">\n\t\t\t\t\t\t<div class=\"elementor-container elementor-column-gap-default\">\n\t\t\t\t\t<div class=\"elementor-column elementor-col-50 elementor-inner-column elementor-element elementor-element-28a0ba1f\" data-id=\"28a0ba1f\" data-element_type=\"column\">\n\t\t\t<div class=\"elementor-widget-wrap elementor-element-populated\">\n\t\t\t\t\t\t<div class=\"elementor-element elementor-element-128919ce elementor-widget elementor-widget-text-editor\" data-id=\"128919ce\" data-element_type=\"widget\" data-widget_type=\"text-editor.default\">\n\t\t\t\t<div class=\"elementor-widget-container\">\n\t\t\t\t\t\t\t<p>\u0110\u0103ng nh\u1eadp v\u00e0o trang qu\u1ea3n l\u00fd admin:<br \/>V\u00e0o link: <a href=\"https:\/\/msdunitedwayvn.org\/en\/admin\/\">https:\/\/msdunitedwayvn.org\/admin\/<\/a><br \/>User: vui l\u00f2ng li\u00ean h\u1ec7 qu\u1ea3n l\u00fd web<br \/>Pass: vui l\u00f2ng li\u00ean h\u1ec7 qu\u1ea3n l\u00fd web<\/p>\t\t\t\t\t\t<\/div>\n\t\t\t\t<\/div>\n\t\t\t\t\t<\/div>\n\t\t<\/div>\n\t\t\t\t<div class=\"elementor-column elementor-col-50 elementor-inner-column elementor-element elementor-element-55a92ad2\" data-id=\"55a92ad2\" data-element_type=\"column\">\n\t\t\t<div class=\"elementor-widget-wrap elementor-element-populated\">\n\t\t\t\t\t\t<div class=\"elementor-element elementor-element-f0da151 elementor-widget elementor-widget-image\" data-id=\"f0da151\" data-element_type=\"widget\" data-widget_type=\"image.default\">\n\t\t\t\t<div class=\"elementor-widget-container\">\n\t\t\t\t\t\t\t\t\t\t\t\t\t<img decoding=\"async\" width=\"1920\" height=\"937\" src=\"https:\/\/msdunitedwayvn.org\/wp-content\/uploads\/2023\/01\/Dang-nhap-\u2039-MSD-United-Way-Viet-Nam-\u2014-WordPress-1.png\" class=\"attachment-full size-full wp-image-2289\" alt=\"\" srcset=\"https:\/\/msdunitedwayvn.org\/wp-content\/uploads\/2023\/01\/Dang-nhap-\u2039-MSD-United-Way-Viet-Nam-\u2014-WordPress-1.png 1920w, https:\/\/msdunitedwayvn.org\/wp-content\/uploads\/2023\/01\/Dang-nhap-\u2039-MSD-United-Way-Viet-Nam-\u2014-WordPress-1-300x146.png 300w, https:\/\/msdunitedwayvn.org\/wp-content\/uploads\/2023\/01\/Dang-nhap-\u2039-MSD-United-Way-Viet-Nam-\u2014-WordPress-1-1024x500.png 1024w, https:\/\/msdunitedwayvn.org\/wp-content\/uploads\/2023\/01\/Dang-nhap-\u2039-MSD-United-Way-Viet-Nam-\u2014-WordPress-1-768x375.png 768w, https:\/\/msdunitedwayvn.org\/wp-content\/uploads\/2023\/01\/Dang-nhap-\u2039-MSD-United-Way-Viet-Nam-\u2014-WordPress-1-1536x750.png 1536w, https:\/\/msdunitedwayvn.org\/wp-content\/uploads\/2023\/01\/Dang-nhap-\u2039-MSD-United-Way-Viet-Nam-\u2014-WordPress-1-18x9.png 18w, https:\/\/msdunitedwayvn.org\/wp-content\/uploads\/2023\/01\/Dang-nhap-\u2039-MSD-United-Way-Viet-Nam-\u2014-WordPress-1-600x293.png 600w\" sizes=\"(max-width: 1920px) 100vw, 1920px\" \/>\t\t\t\t\t\t\t\t\t\t\t\t\t<\/div>\n\t\t\t\t<\/div>\n\t\t\t\t\t<\/div>\n\t\t<\/div>\n\t\t\t\t\t<\/div>\n\t\t<\/section>\n\t\t\t\t<section class=\"elementor-section elementor-inner-section elementor-element elementor-element-1b3dee39 elementor-section-boxed elementor-section-height-default elementor-section-height-default\" data-id=\"1b3dee39\" data-element_type=\"section\" data-settings=\"{&quot;jet_parallax_layout_list&quot;:[]}\">\n\t\t\t\t\t\t<div class=\"elementor-container elementor-column-gap-default\">\n\t\t\t\t\t<div class=\"elementor-column elementor-col-50 elementor-inner-column elementor-element elementor-element-ce037b0\" data-id=\"ce037b0\" data-element_type=\"column\">\n\t\t\t<div class=\"elementor-widget-wrap elementor-element-populated\">\n\t\t\t\t\t\t<div class=\"elementor-element elementor-element-7d5362bd elementor-widget elementor-widget-text-editor\" data-id=\"7d5362bd\" data-element_type=\"widget\" data-widget_type=\"text-editor.default\">\n\t\t\t\t<div class=\"elementor-widget-container\">\n\t\t\t\t\t\t\t<p>D\u1ecbch sang ti\u1ebfng Anh<\/p>\t\t\t\t\t\t<\/div>\n\t\t\t\t<\/div>\n\t\t\t\t\t<\/div>\n\t\t<\/div>\n\t\t\t\t<div class=\"elementor-column elementor-col-50 elementor-inner-column elementor-element elementor-element-6620865\" data-id=\"6620865\" data-element_type=\"column\">\n\t\t\t<div class=\"elementor-widget-wrap elementor-element-populated\">\n\t\t\t\t\t\t<div class=\"elementor-element elementor-element-206c7bc3 elementor-widget elementor-widget-video\" data-id=\"206c7bc3\" data-element_type=\"widget\" data-settings=\"{&quot;youtube_url&quot;:&quot;https:\\\/\\\/youtu.be\\\/nihvo5nBp-o&quot;,&quot;video_type&quot;:&quot;youtube&quot;,&quot;controls&quot;:&quot;yes&quot;}\" data-widget_type=\"video.default\">\n\t\t\t\t<div class=\"elementor-widget-container\">\n\t\t\t\t\t<div class=\"elementor-wrapper elementor-open-inline\">\n\t\t\t<div class=\"elementor-video\"><\/div>\t\t<\/div>\n\t\t\t\t<\/div>\n\t\t\t\t<\/div>\n\t\t\t\t<div class=\"elementor-element elementor-element-4781608d elementor-widget elementor-widget-text-editor\" data-id=\"4781608d\" data-element_type=\"widget\" data-widget_type=\"text-editor.default\">\n\t\t\t\t<div class=\"elementor-widget-container\">\n\t\t\t\t\t\t\t<p>(B\u1ea5m v\u00e0o \u00f4 vu\u00f4ng \u0111\u1ec3 xem to\u00e0n m\u00e0n h\u00ecnh video)<\/p>\t\t\t\t\t\t<\/div>\n\t\t\t\t<\/div>\n\t\t\t\t\t<\/div>\n\t\t<\/div>\n\t\t\t\t\t<\/div>\n\t\t<\/section>\n\t\t\t\t<section class=\"elementor-section elementor-inner-section elementor-element elementor-element-c5e702c elementor-section-boxed elementor-section-height-default elementor-section-height-default\" data-id=\"c5e702c\" data-element_type=\"section\" data-settings=\"{&quot;jet_parallax_layout_list&quot;:[]}\">\n\t\t\t\t\t\t<div class=\"elementor-container elementor-column-gap-default\">\n\t\t\t\t\t<div class=\"elementor-column elementor-col-50 elementor-inner-column elementor-element elementor-element-59db314\" data-id=\"59db314\" data-element_type=\"column\">\n\t\t\t<div class=\"elementor-widget-wrap elementor-element-populated\">\n\t\t\t\t\t\t<div class=\"elementor-element elementor-element-4e878fa elementor-widget elementor-widget-text-editor\" data-id=\"4e878fa\" data-element_type=\"widget\" data-widget_type=\"text-editor.default\">\n\t\t\t\t<div class=\"elementor-widget-container\">\n\t\t\t\t\t\t\t<p>Th\u00eam, s\u1eeda tin t\u1ee9c<\/p>\t\t\t\t\t\t<\/div>\n\t\t\t\t<\/div>\n\t\t\t\t\t<\/div>\n\t\t<\/div>\n\t\t\t\t<div class=\"elementor-column elementor-col-50 elementor-inner-column elementor-element elementor-element-3bc44e5\" data-id=\"3bc44e5\" data-element_type=\"column\">\n\t\t\t<div class=\"elementor-widget-wrap elementor-element-populated\">\n\t\t\t\t\t\t<div class=\"elementor-element elementor-element-c685af6 elementor-widget elementor-widget-video\" data-id=\"c685af6\" data-element_type=\"widget\" data-settings=\"{&quot;youtube_url&quot;:&quot;https:\\\/\\\/youtu.be\\\/gSrX3Gwq71E&quot;,&quot;video_type&quot;:&quot;youtube&quot;,&quot;controls&quot;:&quot;yes&quot;}\" data-widget_type=\"video.default\">\n\t\t\t\t<div class=\"elementor-widget-container\">\n\t\t\t\t\t<div class=\"elementor-wrapper elementor-open-inline\">\n\t\t\t<div class=\"elementor-video\"><\/div>\t\t<\/div>\n\t\t\t\t<\/div>\n\t\t\t\t<\/div>\n\t\t\t\t<div class=\"elementor-element elementor-element-b9c2ee8 elementor-widget elementor-widget-text-editor\" data-id=\"b9c2ee8\" data-element_type=\"widget\" data-widget_type=\"text-editor.default\">\n\t\t\t\t<div class=\"elementor-widget-container\">\n\t\t\t\t\t\t\t<p>(B\u1ea5m v\u00e0o \u00f4 vu\u00f4ng \u0111\u1ec3 xem to\u00e0n m\u00e0n h\u00ecnh video)<\/p>\t\t\t\t\t\t<\/div>\n\t\t\t\t<\/div>\n\t\t\t\t\t<\/div>\n\t\t<\/div>\n\t\t\t\t\t<\/div>\n\t\t<\/section>\n\t\t\t\t<section class=\"elementor-section elementor-inner-section elementor-element elementor-element-7b81b290 elementor-section-boxed elementor-section-height-default elementor-section-height-default\" data-id=\"7b81b290\" data-element_type=\"section\" data-settings=\"{&quot;jet_parallax_layout_list&quot;:[]}\">\n\t\t\t\t\t\t<div class=\"elementor-container elementor-column-gap-default\">\n\t\t\t\t\t<div class=\"elementor-column elementor-col-50 elementor-inner-column elementor-element elementor-element-1d81ed1d\" data-id=\"1d81ed1d\" data-element_type=\"column\">\n\t\t\t<div class=\"elementor-widget-wrap elementor-element-populated\">\n\t\t\t\t\t\t<div class=\"elementor-element elementor-element-61ca9cb9 elementor-widget elementor-widget-text-editor\" data-id=\"61ca9cb9\" data-element_type=\"widget\" data-widget_type=\"text-editor.default\">\n\t\t\t\t<div class=\"elementor-widget-container\">\n\t\t\t\t\t\t\t<p>S\u1eeda trang ch\u1ee7 v\u00e0 c\u00e1c trang kh\u00e1c<\/p>\t\t\t\t\t\t<\/div>\n\t\t\t\t<\/div>\n\t\t\t\t\t<\/div>\n\t\t<\/div>\n\t\t\t\t<div class=\"elementor-column elementor-col-50 elementor-inner-column elementor-element elementor-element-5989cfc5\" data-id=\"5989cfc5\" data-element_type=\"column\">\n\t\t\t<div class=\"elementor-widget-wrap elementor-element-populated\">\n\t\t\t\t\t\t<div class=\"elementor-element elementor-element-c31f915 elementor-widget elementor-widget-video\" data-id=\"c31f915\" data-element_type=\"widget\" data-settings=\"{&quot;youtube_url&quot;:&quot;https:\\\/\\\/youtu.be\\\/YC8UZ12JBi8&quot;,&quot;video_type&quot;:&quot;youtube&quot;,&quot;controls&quot;:&quot;yes&quot;}\" data-widget_type=\"video.default\">\n\t\t\t\t<div class=\"elementor-widget-container\">\n\t\t\t\t\t<div class=\"elementor-wrapper elementor-open-inline\">\n\t\t\t<div class=\"elementor-video\"><\/div>\t\t<\/div>\n\t\t\t\t<\/div>\n\t\t\t\t<\/div>\n\t\t\t\t<div class=\"elementor-element elementor-element-46508a24 elementor-widget elementor-widget-text-editor\" data-id=\"46508a24\" data-element_type=\"widget\" data-widget_type=\"text-editor.default\">\n\t\t\t\t<div class=\"elementor-widget-container\">\n\t\t\t\t\t\t\t<p>(B\u1ea5m v\u00e0o \u00f4 vu\u00f4ng \u0111\u1ec3 xem to\u00e0n m\u00e0n h\u00ecnh video)<\/p>\t\t\t\t\t\t<\/div>\n\t\t\t\t<\/div>\n\t\t\t\t\t<\/div>\n\t\t<\/div>\n\t\t\t\t\t<\/div>\n\t\t<\/section>\n\t\t\t\t<section class=\"elementor-section elementor-inner-section elementor-element elementor-element-7298e57 elementor-section-boxed elementor-section-height-default elementor-section-height-default\" data-id=\"7298e57\" data-element_type=\"section\" data-settings=\"{&quot;jet_parallax_layout_list&quot;:[]}\">\n\t\t\t\t\t\t<div class=\"elementor-container elementor-column-gap-default\">\n\t\t\t\t\t<div class=\"elementor-column elementor-col-50 elementor-inner-column elementor-element elementor-element-f05804f\" data-id=\"f05804f\" data-element_type=\"column\">\n\t\t\t<div class=\"elementor-widget-wrap elementor-element-populated\">\n\t\t\t\t\t\t<div class=\"elementor-element elementor-element-7f5333f elementor-widget elementor-widget-text-editor\" data-id=\"7f5333f\" data-element_type=\"widget\" data-widget_type=\"text-editor.default\">\n\t\t\t\t<div class=\"elementor-widget-container\">\n\t\t\t\t\t\t\t<p>Th\u00eam, s\u1eeda s\u1ea3n ph\u1ea9m<\/p>\t\t\t\t\t\t<\/div>\n\t\t\t\t<\/div>\n\t\t\t\t\t<\/div>\n\t\t<\/div>\n\t\t\t\t<div class=\"elementor-column elementor-col-50 elementor-inner-column elementor-element elementor-element-f966e2e\" data-id=\"f966e2e\" data-element_type=\"column\">\n\t\t\t<div class=\"elementor-widget-wrap elementor-element-populated\">\n\t\t\t\t\t\t<div class=\"elementor-element elementor-element-768a83e elementor-widget elementor-widget-video\" data-id=\"768a83e\" data-element_type=\"widget\" data-settings=\"{&quot;youtube_url&quot;:&quot;https:\\\/\\\/youtu.be\\\/PblI1rX54lw&quot;,&quot;video_type&quot;:&quot;youtube&quot;,&quot;controls&quot;:&quot;yes&quot;}\" data-widget_type=\"video.default\">\n\t\t\t\t<div class=\"elementor-widget-container\">\n\t\t\t\t\t<div class=\"elementor-wrapper elementor-open-inline\">\n\t\t\t<div class=\"elementor-video\"><\/div>\t\t<\/div>\n\t\t\t\t<\/div>\n\t\t\t\t<\/div>\n\t\t\t\t<div class=\"elementor-element elementor-element-d2608cb elementor-widget elementor-widget-text-editor\" data-id=\"d2608cb\" data-element_type=\"widget\" data-widget_type=\"text-editor.default\">\n\t\t\t\t<div class=\"elementor-widget-container\">\n\t\t\t\t\t\t\t<p>(B\u1ea5m v\u00e0o \u00f4 vu\u00f4ng \u0111\u1ec3 xem to\u00e0n m\u00e0n h\u00ecnh video)<\/p>\t\t\t\t\t\t<\/div>\n\t\t\t\t<\/div>\n\t\t\t\t\t<\/div>\n\t\t<\/div>\n\t\t\t\t\t<\/div>\n\t\t<\/section>\n\t\t\t\t\t<\/div>\n\t\t<\/div>\n\t\t\t\t\t<\/div>\n\t\t<\/section>\n\t\t\t\t<\/div>","protected":false},"excerpt":{"rendered":"<p>Sala Residence, Inspire Hub Office122-124 B2 Street, An Loi Dong Ward, Thu Duc City, Ho Chi Minh City.www.ken-marketing.comhello@ken-marketing.com (84) 938 195 827 Web Guideline (Vui l\u00f2ng xem tr\u00ean m\u00e1y t\u00ednh \u0111\u1ec3 th\u1ea5y chi ti\u1ebft nh\u1ea5t) Thao t\u00e1c Video, h\u00ecnh \u1ea3nh minh h\u1ecda \u0110\u0103ng nh\u1eadp v\u00e0o trang qu\u1ea3n l\u00fd admin:V\u00e0o link: https:\/\/msdunitedwayvn.org\/admin\/User: vui l\u00f2ng li\u00ean h\u1ec7 [&hellip;]<\/p>","protected":false},"author":1,"featured_media":0,"parent":0,"menu_order":0,"comment_status":"closed","ping_status":"closed","template":"elementor_canvas","meta":{"footnotes":""},"_links":{"self":[{"href":"https:\/\/msdunitedwayvn.org\/en\/wp-json\/wp\/v2\/pages\/2252"}],"collection":[{"href":"https:\/\/msdunitedwayvn.org\/en\/wp-json\/wp\/v2\/pages"}],"about":[{"href":"https:\/\/msdunitedwayvn.org\/en\/wp-json\/wp\/v2\/types\/page"}],"author":[{"embeddable":true,"href":"https:\/\/msdunitedwayvn.org\/en\/wp-json\/wp\/v2\/users\/1"}],"replies":[{"embeddable":true,"href":"https:\/\/msdunitedwayvn.org\/en\/wp-json\/wp\/v2\/comments?post=2252"}],"version-history":[{"count":0,"href":"https:\/\/msdunitedwayvn.org\/en\/wp-json\/wp\/v2\/pages\/2252\/revisions"}],"wp:attachment":[{"href":"https:\/\/msdunitedwayvn.org\/en\/wp-json\/wp\/v2\/media?parent=2252"}],"curies":[{"name":"wp","href":"https:\/\/api.w.org\/{rel}","templated":true}]}}