{"id":409,"date":"2022-10-17T02:41:57","date_gmt":"2022-10-17T02:41:57","guid":{"rendered":"https:\/\/msdunitedwayvn.org\/?page_id=409"},"modified":"2025-03-19T16:34:13","modified_gmt":"2025-03-19T09:34:13","slug":"tai-khoan-nhan-tai-tro","status":"publish","type":"page","link":"https:\/\/msdunitedwayvn.org\/en\/tai-khoan-nhan-tai-tro\/","title":{"rendered":"Sponsorship Account"},"content":{"rendered":"<div data-elementor-type=\"wp-page\" data-elementor-id=\"409\" class=\"elementor elementor-409\" data-elementor-post-type=\"page\">\n\t\t\t\t\t\t<section class=\"elementor-section elementor-top-section elementor-element elementor-element-fc06878 elementor-section-stretched elementor-section-boxed elementor-section-height-default elementor-section-height-default\" data-id=\"fc06878\" data-element_type=\"section\" data-settings=\"{&quot;jet_parallax_layout_list&quot;:[],&quot;stretch_section&quot;:&quot;section-stretched&quot;}\">\n\t\t\t\t\t\t<div class=\"elementor-container elementor-column-gap-default\">\n\t\t\t\t\t<div class=\"elementor-column elementor-col-100 elementor-top-column elementor-element elementor-element-e9f0793\" data-id=\"e9f0793\" data-element_type=\"column\">\n\t\t\t<div class=\"elementor-widget-wrap elementor-element-populated\">\n\t\t\t\t\t\t<div class=\"elementor-element elementor-element-7f56c04 elementor-invisible elementor-widget elementor-widget-heading\" data-id=\"7f56c04\" data-element_type=\"widget\" data-settings=\"{&quot;_animation&quot;:&quot;fadeInRight&quot;}\" data-widget_type=\"heading.default\">\n\t\t\t\t<div class=\"elementor-widget-container\">\n\t\t\t<h2 class=\"elementor-heading-title elementor-size-default\">Sponsorship Account<\/h2>\t\t<\/div>\n\t\t\t\t<\/div>\n\t\t\t\t<section class=\"elementor-section elementor-inner-section elementor-element elementor-element-a52c3ee elementor-section-boxed elementor-section-height-default elementor-section-height-default\" data-id=\"a52c3ee\" data-element_type=\"section\" data-settings=\"{&quot;jet_parallax_layout_list&quot;:[]}\">\n\t\t\t\t\t\t<div class=\"elementor-container elementor-column-gap-default\">\n\t\t\t\t\t<div class=\"elementor-column elementor-col-16 elementor-inner-column elementor-element elementor-element-f490e10\" data-id=\"f490e10\" data-element_type=\"column\">\n\t\t\t<div class=\"elementor-widget-wrap elementor-element-populated\">\n\t\t\t\t\t\t<div class=\"elementor-element elementor-element-2d25def elementor-widget elementor-widget-image\" data-id=\"2d25def\" data-element_type=\"widget\" data-widget_type=\"image.default\">\n\t\t\t\t<div class=\"elementor-widget-container\">\n\t\t\t\t\t\t\t\t\t\t\t\t\t<img fetchpriority=\"high\" decoding=\"async\" width=\"850\" height=\"1100\" src=\"https:\/\/msdunitedwayvn.org\/wp-content\/uploads\/2023\/04\/QR_Code_Vietcombank.png\" class=\"attachment-full size-full wp-image-3321\" alt=\"\" srcset=\"https:\/\/msdunitedwayvn.org\/wp-content\/uploads\/2023\/04\/QR_Code_Vietcombank.png 850w, https:\/\/msdunitedwayvn.org\/wp-content\/uploads\/2023\/04\/QR_Code_Vietcombank-232x300.png 232w, https:\/\/msdunitedwayvn.org\/wp-content\/uploads\/2023\/04\/QR_Code_Vietcombank-791x1024.png 791w, https:\/\/msdunitedwayvn.org\/wp-content\/uploads\/2023\/04\/QR_Code_Vietcombank-768x994.png 768w, https:\/\/msdunitedwayvn.org\/wp-content\/uploads\/2023\/04\/QR_Code_Vietcombank-9x12.png 9w, https:\/\/msdunitedwayvn.org\/wp-content\/uploads\/2023\/04\/QR_Code_Vietcombank-600x776.png 600w\" sizes=\"(max-width: 850px) 100vw, 850px\" \/>\t\t\t\t\t\t\t\t\t\t\t\t\t<\/div>\n\t\t\t\t<\/div>\n\t\t\t\t\t<\/div>\n\t\t<\/div>\n\t\t\t\t<div class=\"elementor-column elementor-col-16 elementor-inner-column elementor-element elementor-element-8e5706a\" data-id=\"8e5706a\" data-element_type=\"column\">\n\t\t\t<div class=\"elementor-widget-wrap elementor-element-populated\">\n\t\t\t\t\t\t<div class=\"elementor-element elementor-element-9244266 elementor-widget elementor-widget-text-editor\" data-id=\"9244266\" data-element_type=\"widget\" data-widget_type=\"text-editor.default\">\n\t\t\t\t<div class=\"elementor-widget-container\">\n\t\t\t\t\t\t\t<p style=\"text-align: left\"><strong>VIETCOMBANK<\/strong><br \/>\nCONG TY CO PHAN DOANH NGHIEP XA HOI MSD UNITED WAY VIET NAM<br \/>\nBank account: 1032657207<br \/>\nCurrency type: VND<br \/>\nBank: The Vietnam Joint Stock Commercial Bank for Foreign Trade (Vietcombank)<br \/>\nContent: Name + Phone number + Email<\/p>\n<p>&nbsp;<\/p>\n\t\t\t\t\t\t<\/div>\n\t\t\t\t<\/div>\n\t\t\t\t\t<\/div>\n\t\t<\/div>\n\t\t\t\t<div class=\"elementor-column elementor-col-16 elementor-inner-column elementor-element elementor-element-092f682\" data-id=\"092f682\" data-element_type=\"column\">\n\t\t\t<div class=\"elementor-widget-wrap elementor-element-populated\">\n\t\t\t\t\t\t<div class=\"elementor-element elementor-element-af93786 elementor-widget elementor-widget-image\" data-id=\"af93786\" data-element_type=\"widget\" data-widget_type=\"image.default\">\n\t\t\t\t<div class=\"elementor-widget-container\">\n\t\t\t\t\t\t\t\t\t\t\t\t\t<img decoding=\"async\" width=\"850\" height=\"1100\" src=\"https:\/\/msdunitedwayvn.org\/wp-content\/uploads\/2023\/04\/QR_Code_Techcombank.png\" class=\"attachment-full size-full wp-image-3320\" alt=\"\" srcset=\"https:\/\/msdunitedwayvn.org\/wp-content\/uploads\/2023\/04\/QR_Code_Techcombank.png 850w, https:\/\/msdunitedwayvn.org\/wp-content\/uploads\/2023\/04\/QR_Code_Techcombank-232x300.png 232w, https:\/\/msdunitedwayvn.org\/wp-content\/uploads\/2023\/04\/QR_Code_Techcombank-791x1024.png 791w, https:\/\/msdunitedwayvn.org\/wp-content\/uploads\/2023\/04\/QR_Code_Techcombank-768x994.png 768w, https:\/\/msdunitedwayvn.org\/wp-content\/uploads\/2023\/04\/QR_Code_Techcombank-9x12.png 9w, https:\/\/msdunitedwayvn.org\/wp-content\/uploads\/2023\/04\/QR_Code_Techcombank-600x776.png 600w\" sizes=\"(max-width: 850px) 100vw, 850px\" \/>\t\t\t\t\t\t\t\t\t\t\t\t\t<\/div>\n\t\t\t\t<\/div>\n\t\t\t\t\t<\/div>\n\t\t<\/div>\n\t\t\t\t<div class=\"elementor-column elementor-col-16 elementor-inner-column elementor-element elementor-element-dcde1cf\" data-id=\"dcde1cf\" data-element_type=\"column\">\n\t\t\t<div class=\"elementor-widget-wrap elementor-element-populated\">\n\t\t\t\t\t\t<div class=\"elementor-element elementor-element-85adf9e elementor-widget elementor-widget-text-editor\" data-id=\"85adf9e\" data-element_type=\"widget\" data-widget_type=\"text-editor.default\">\n\t\t\t\t<div class=\"elementor-widget-container\">\n\t\t\t\t\t\t\t<p><strong>TECHCOMBANK<\/strong><br \/>\nCONG TY CO PHAN DOANH NGHIEP XA HOI MSD UNITED WAY VIET NAM<br \/>\nBank account: 19039220766017<br \/>\nCurrency type: VND<br \/>\nBank: The Vietnam Technological and Commercial Joint Stock Bank (Techcombank)<br \/>\nContent: Name + Phone number + Email<\/p>\n\t\t\t\t\t\t<\/div>\n\t\t\t\t<\/div>\n\t\t\t\t\t<\/div>\n\t\t<\/div>\n\t\t\t\t<div class=\"elementor-column elementor-col-16 elementor-inner-column elementor-element elementor-element-a7d12df\" data-id=\"a7d12df\" data-element_type=\"column\">\n\t\t\t<div class=\"elementor-widget-wrap elementor-element-populated\">\n\t\t\t\t\t\t<div class=\"elementor-element elementor-element-d2b961e elementor-widget elementor-widget-image\" data-id=\"d2b961e\" data-element_type=\"widget\" data-widget_type=\"image.default\">\n\t\t\t\t<div class=\"elementor-widget-container\">\n\t\t\t\t\t\t\t\t\t\t\t\t\t<img decoding=\"async\" width=\"722\" height=\"722\" src=\"https:\/\/msdunitedwayvn.org\/wp-content\/uploads\/2026\/03\/Screenshot-2026-03-24-155704.png\" class=\"attachment-full size-full wp-image-12923692\" alt=\"\" srcset=\"https:\/\/msdunitedwayvn.org\/wp-content\/uploads\/2026\/03\/Screenshot-2026-03-24-155704.png 722w, https:\/\/msdunitedwayvn.org\/wp-content\/uploads\/2026\/03\/Screenshot-2026-03-24-155704-300x300.png 300w, https:\/\/msdunitedwayvn.org\/wp-content\/uploads\/2026\/03\/Screenshot-2026-03-24-155704-150x150.png 150w, https:\/\/msdunitedwayvn.org\/wp-content\/uploads\/2026\/03\/Screenshot-2026-03-24-155704-12x12.png 12w, https:\/\/msdunitedwayvn.org\/wp-content\/uploads\/2026\/03\/Screenshot-2026-03-24-155704-230x230.png 230w, https:\/\/msdunitedwayvn.org\/wp-content\/uploads\/2026\/03\/Screenshot-2026-03-24-155704-400x400.png 400w, https:\/\/msdunitedwayvn.org\/wp-content\/uploads\/2026\/03\/Screenshot-2026-03-24-155704-600x600.png 600w, https:\/\/msdunitedwayvn.org\/wp-content\/uploads\/2026\/03\/Screenshot-2026-03-24-155704-640x640.png 640w, https:\/\/msdunitedwayvn.org\/wp-content\/uploads\/2026\/03\/Screenshot-2026-03-24-155704-100x100.png 100w\" sizes=\"(max-width: 722px) 100vw, 722px\" \/>\t\t\t\t\t\t\t\t\t\t\t\t\t<\/div>\n\t\t\t\t<\/div>\n\t\t\t\t\t<\/div>\n\t\t<\/div>\n\t\t\t\t<div class=\"elementor-column elementor-col-16 elementor-inner-column elementor-element elementor-element-e304bd2\" data-id=\"e304bd2\" data-element_type=\"column\">\n\t\t\t<div class=\"elementor-widget-wrap elementor-element-populated\">\n\t\t\t\t\t\t<div class=\"elementor-element elementor-element-7ed3333 elementor-widget elementor-widget-text-editor\" data-id=\"7ed3333\" data-element_type=\"widget\" data-widget_type=\"text-editor.default\">\n\t\t\t\t<div class=\"elementor-widget-container\">\n\t\t\t\t\t\t\t<h4 class=\"cvGsUA direction-ltr align-start para-style-body\"><strong><span class=\"a_GcMg font-feature-liga-off font-feature-clig-off font-feature-calt-off text-decoration-none text-strikethrough-none\">MOMO<\/span><\/strong><\/h4>\n<p class=\"cvGsUA direction-ltr align-start para-style-body\">MSD UNITED WAY VIET NAM<br \/>\nCurrency type: VND<br \/>\nContent: Name + Phone number + Email<\/p>\n\t\t\t\t\t\t<\/div>\n\t\t\t\t<\/div>\n\t\t\t\t\t<\/div>\n\t\t<\/div>\n\t\t\t\t\t<\/div>\n\t\t<\/section>\n\t\t\t\t\t<\/div>\n\t\t<\/div>\n\t\t\t\t\t<\/div>\n\t\t<\/section>\n\t\t\t\t<section class=\"elementor-section elementor-top-section elementor-element elementor-element-3752661 elementor-section-stretched elementor-section-boxed elementor-section-height-default elementor-section-height-default\" data-id=\"3752661\" data-element_type=\"section\" data-settings=\"{&quot;jet_parallax_layout_list&quot;:[],&quot;stretch_section&quot;:&quot;section-stretched&quot;}\">\n\t\t\t\t\t\t<div class=\"elementor-container elementor-column-gap-default\">\n\t\t\t\t\t<div class=\"elementor-column elementor-col-100 elementor-top-column elementor-element elementor-element-2a626ca\" data-id=\"2a626ca\" data-element_type=\"column\">\n\t\t\t<div class=\"elementor-widget-wrap elementor-element-populated\">\n\t\t\t\t\t\t<div class=\"elementor-element elementor-element-cf8f1fa elementor-invisible elementor-widget elementor-widget-heading\" data-id=\"cf8f1fa\" data-element_type=\"widget\" data-settings=\"{&quot;_animation&quot;:&quot;fadeInRight&quot;}\" data-widget_type=\"heading.default\">\n\t\t\t\t<div class=\"elementor-widget-container\">\n\t\t\t<h2 class=\"elementor-heading-title elementor-size-default\">Register to become a sponsor<\/h2>\t\t<\/div>\n\t\t\t\t<\/div>\n\t\t\t\t<div class=\"elementor-element elementor-element-791bd73 elementor-button-align-stretch elementor-widget elementor-widget-form\" data-id=\"791bd73\" data-element_type=\"widget\" data-settings=\"{&quot;step_next_label&quot;:&quot;Next&quot;,&quot;step_previous_label&quot;:&quot;Previous&quot;,&quot;button_width&quot;:&quot;100&quot;,&quot;step_type&quot;:&quot;number_text&quot;,&quot;step_icon_shape&quot;:&quot;circle&quot;}\" data-widget_type=\"form.default\">\n\t\t\t\t<div class=\"elementor-widget-container\">\n\t\t\t\t\t<form class=\"elementor-form\" method=\"post\" id=\"formdangkitaitro\" name=\"Trang m\u1edbi cu\u1ed9c \u0111\u1eddi \u2013 L\u1ea7n 6\" action=\"\">\n\t\t\t<input type=\"hidden\" name=\"post_id\" value=\"409\"\/>\n\t\t\t<input type=\"hidden\" name=\"form_id\" value=\"791bd73\"\/>\n\t\t\t<input type=\"hidden\" name=\"referer_title\" value=\"\" \/>\n\n\t\t\t\n\t\t\t<div class=\"elementor-form-fields-wrapper elementor-labels-\">\n\t\t\t\t\t\t\t\t<div class=\"elementor-field-type-text elementor-field-group elementor-column elementor-field-group-name elementor-col-100\">\n\t\t\t\t\t\t\t\t\t\t\t\t<label for=\"form-field-name\" class=\"elementor-field-label elementor-screen-only\">\n\t\t\t\t\t\t\t\tName\t\t\t\t\t\t\t<\/label>\n\t\t\t\t\t\t\t\t\t\t\t\t\t\t<input size=\"1\" type=\"text\" name=\"form_fields[name]\" id=\"form-field-name\" class=\"elementor-field elementor-size-sm  elementor-field-textual\" placeholder=\"Name\">\n\t\t\t\t\t\t\t\t\t\t\t<\/div>\n\t\t\t\t\t\t\t\t<div class=\"elementor-field-type-tel elementor-field-group elementor-column elementor-field-group-field_1752b71 elementor-col-100\">\n\t\t\t\t\t\t\t\t\t\t\t\t<label for=\"form-field-field_1752b71\" class=\"elementor-field-label elementor-screen-only\">\n\t\t\t\t\t\t\t\tPhone number\t\t\t\t\t\t\t<\/label>\n\t\t\t\t\t\t\t\t<input size=\"1\" type=\"tel\" name=\"form_fields[field_1752b71]\" id=\"form-field-field_1752b71\" class=\"elementor-field elementor-size-sm  elementor-field-textual\" placeholder=\"Phone number\" pattern=\"[0-9()#&amp;+*-=.]+\" title=\"Only numbers and phone characters (#, -, *, etc) are accepted.\">\n\n\t\t\t\t\t\t<\/div>\n\t\t\t\t\t\t\t\t<div class=\"elementor-field-type-email elementor-field-group elementor-column elementor-field-group-email elementor-col-100 elementor-field-required\">\n\t\t\t\t\t\t\t\t\t\t\t\t<label for=\"form-field-email\" class=\"elementor-field-label elementor-screen-only\">\n\t\t\t\t\t\t\t\tEmail\t\t\t\t\t\t\t<\/label>\n\t\t\t\t\t\t\t\t\t\t\t\t\t\t<input size=\"1\" type=\"email\" name=\"form_fields[email]\" id=\"form-field-email\" class=\"elementor-field elementor-size-sm  elementor-field-textual\" placeholder=\"Email\" required=\"required\" aria-required=\"true\">\n\t\t\t\t\t\t\t\t\t\t\t<\/div>\n\t\t\t\t\t\t\t\t<div class=\"elementor-field-group elementor-column elementor-field-type-submit elementor-col-100 e-form__buttons\">\n\t\t\t\t\t<button class=\"elementor-button elementor-size-sm\" type=\"submit\">\n\t\t\t\t\t\t<span class=\"elementor-button-content-wrapper\">\n\t\t\t\t\t\t\t\t\t\t\t\t\t\t\t\t\t\t\t\t\t\t<span class=\"elementor-button-text\">SIGN UP<\/span>\n\t\t\t\t\t\t\t\t\t\t\t\t\t<\/span>\n\t\t\t\t\t<\/button>\n\t\t\t\t<\/div>\n\t\t\t<\/div>\n\t\t<input type=\"hidden\" name=\"trp-form-language\" value=\"en\"\/><\/form>\n\t\t\t\t<\/div>\n\t\t\t\t<\/div>\n\t\t\t\t<div class=\"elementor-element elementor-element-8d2c567 elementor-widget elementor-widget-text-editor\" data-id=\"8d2c567\" data-element_type=\"widget\" data-widget_type=\"text-editor.default\">\n\t\t\t\t<div class=\"elementor-widget-container\">\n\t\t\t\t\t\t\t<h4 style=\"text-align: justify\">*<span style=\"font-weight: 400\">By filling out this form, you agree to allow us to contact you.<\/span><\/h4>\n\t\t\t\t\t\t<\/div>\n\t\t\t\t<\/div>\n\t\t\t\t\t<\/div>\n\t\t<\/div>\n\t\t\t\t\t<\/div>\n\t\t<\/section>\n\t\t\t\t<\/div>","protected":false},"excerpt":{"rendered":"<p>T\u00e0i kho\u1ea3n nh\u1eadn t\u00e0i tr\u1ee3 \u0110\u0103ng k\u00fd tr\u1edf th\u00e0nh nh\u00e0 t\u00e0i tr\u1ee3<\/p>","protected":false},"author":1,"featured_media":0,"parent":0,"menu_order":0,"comment_status":"closed","ping_status":"closed","template":"","meta":{"footnotes":""},"_links":{"self":[{"href":"https:\/\/msdunitedwayvn.org\/en\/wp-json\/wp\/v2\/pages\/409"}],"collection":[{"href":"https:\/\/msdunitedwayvn.org\/en\/wp-json\/wp\/v2\/pages"}],"about":[{"href":"https:\/\/msdunitedwayvn.org\/en\/wp-json\/wp\/v2\/types\/page"}],"author":[{"embeddable":true,"href":"https:\/\/msdunitedwayvn.org\/en\/wp-json\/wp\/v2\/users\/1"}],"replies":[{"embeddable":true,"href":"https:\/\/msdunitedwayvn.org\/en\/wp-json\/wp\/v2\/comments?post=409"}],"version-history":[{"count":3,"href":"https:\/\/msdunitedwayvn.org\/en\/wp-json\/wp\/v2\/pages\/409\/revisions"}],"predecessor-version":[{"id":12923105,"href":"https:\/\/msdunitedwayvn.org\/en\/wp-json\/wp\/v2\/pages\/409\/revisions\/12923105"}],"wp:attachment":[{"href":"https:\/\/msdunitedwayvn.org\/en\/wp-json\/wp\/v2\/media?parent=409"}],"curies":[{"name":"wp","href":"https:\/\/api.w.org\/{rel}","templated":true}]}}