{"id":421,"date":"2022-10-17T02:43:18","date_gmt":"2022-10-17T02:43:18","guid":{"rendered":"https:\/\/msdunitedwayvn.org\/?page_id=421"},"modified":"2023-02-16T14:43:37","modified_gmt":"2023-02-16T07:43:37","slug":"sang-kien-cong-dong","status":"publish","type":"page","link":"https:\/\/msdunitedwayvn.org\/en\/sang-kien-cong-dong\/","title":{"rendered":"S\u00e1ng ki\u1ebfn c\u1ed9ng \u0111\u1ed3ng"},"content":{"rendered":"<div data-elementor-type=\"wp-page\" data-elementor-id=\"421\" class=\"elementor elementor-421\" data-elementor-post-type=\"page\">\n\t\t\t\t\t\t<section class=\"elementor-section elementor-top-section elementor-element elementor-element-558d08f elementor-section-stretched elementor-section-boxed elementor-section-height-default elementor-section-height-default\" data-id=\"558d08f\" data-element_type=\"section\" data-settings=\"{&quot;stretch_section&quot;:&quot;section-stretched&quot;,&quot;jet_parallax_layout_list&quot;:[],&quot;background_background&quot;:&quot;classic&quot;}\">\n\t\t\t\t\t\t<div class=\"elementor-container elementor-column-gap-default\">\n\t\t\t\t\t<div class=\"elementor-column elementor-col-100 elementor-top-column elementor-element elementor-element-83e6b3f elementor-invisible\" data-id=\"83e6b3f\" data-element_type=\"column\" data-settings=\"{&quot;animation&quot;:&quot;fadeInLeft&quot;}\">\n\t\t\t<div class=\"elementor-widget-wrap\">\n\t\t\t\t\t\t\t<\/div>\n\t\t<\/div>\n\t\t\t\t\t<\/div>\n\t\t<\/section>\n\t\t\t\t<section class=\"elementor-section elementor-top-section elementor-element elementor-element-90f2e28 elementor-section-stretched elementor-section-boxed elementor-section-height-default elementor-section-height-default\" data-id=\"90f2e28\" data-element_type=\"section\" data-settings=\"{&quot;jet_parallax_layout_list&quot;:[],&quot;stretch_section&quot;:&quot;section-stretched&quot;}\">\n\t\t\t\t\t\t<div class=\"elementor-container elementor-column-gap-default\">\n\t\t\t\t\t<div class=\"elementor-column elementor-col-100 elementor-top-column elementor-element elementor-element-2267b01\" data-id=\"2267b01\" data-element_type=\"column\">\n\t\t\t<div class=\"elementor-widget-wrap elementor-element-populated\">\n\t\t\t\t\t\t<div class=\"elementor-element elementor-element-25c5ab7 elementor-widget__width-auto elementor-invisible elementor-widget elementor-widget-heading\" data-id=\"25c5ab7\" data-element_type=\"widget\" data-settings=\"{&quot;_animation&quot;:&quot;fadeInRight&quot;}\" data-widget_type=\"heading.default\">\n\t\t\t\t<div class=\"elementor-widget-container\">\n\t\t\t<h2 class=\"elementor-heading-title elementor-size-default\">COMMUNITY INITIATIVES<\/h2>\t\t<\/div>\n\t\t\t\t<\/div>\n\t\t\t\t<div class=\"elementor-element elementor-element-a9b3e94 elementor-widget elementor-widget-text-editor\" data-id=\"a9b3e94\" data-element_type=\"widget\" data-widget_type=\"text-editor.default\">\n\t\t\t\t<div class=\"elementor-widget-container\">\n\t\t\t\t\t\t\t<h4 style=\"text-align: justify\">If you have an idea for a fundraising run, a workshop, a charity concert, an art exhibition, or any other concept to contribute to the community, please reach out to MSD United Way Vietnam. We will always support and accompany you throughout the process of brainstorming, planning communications, and organizing your fundraising programs and events.<\/h4>\n<h4 style=\"text-align: justify\">MSD United Way Vietnam always welcomes all efforts to contribute to creating a better life for the vulnerable communities in Vietnam.<\/h4>\n\t\t\t\t\t\t<\/div>\n\t\t\t\t<\/div>\n\t\t\t\t<div class=\"elementor-element elementor-element-b5c78a0 elementor-invisible elementor-widget elementor-widget-heading\" data-id=\"b5c78a0\" data-element_type=\"widget\" data-settings=\"{&quot;_animation&quot;:&quot;fadeInRight&quot;}\" data-widget_type=\"heading.default\">\n\t\t\t\t<div class=\"elementor-widget-container\">\n\t\t\t<h2 class=\"elementor-heading-title elementor-size-default\">Share with us your fundraising ideas! We'd love to hear about how you envision making a positive impact and contributing to the cause.<\/h2>\t\t<\/div>\n\t\t\t\t<\/div>\n\t\t\t\t<section class=\"elementor-section elementor-inner-section elementor-element elementor-element-3cd414e elementor-section-boxed elementor-section-height-default elementor-section-height-default\" data-id=\"3cd414e\" data-element_type=\"section\" data-settings=\"{&quot;jet_parallax_layout_list&quot;:[]}\">\n\t\t\t\t\t\t<div class=\"elementor-container elementor-column-gap-default\">\n\t\t\t\t\t<div class=\"elementor-column elementor-col-50 elementor-inner-column elementor-element elementor-element-8123494\" data-id=\"8123494\" data-element_type=\"column\">\n\t\t\t<div class=\"elementor-widget-wrap elementor-element-populated\">\n\t\t\t\t\t\t<div class=\"elementor-element elementor-element-87334da elementor-button-align-stretch elementor-widget elementor-widget-form\" data-id=\"87334da\" data-element_type=\"widget\" data-settings=\"{&quot;step_next_label&quot;:&quot;Next&quot;,&quot;step_previous_label&quot;:&quot;Previous&quot;,&quot;button_width&quot;:&quot;100&quot;,&quot;step_type&quot;:&quot;number_text&quot;,&quot;step_icon_shape&quot;:&quot;circle&quot;}\" data-widget_type=\"form.default\">\n\t\t\t\t<div class=\"elementor-widget-container\">\n\t\t\t\t\t<form class=\"elementor-form\" method=\"post\" id=\"formdangkitaitro\" name=\"Trang m\u1edbi cu\u1ed9c \u0111\u1eddi \u2013 L\u1ea7n 6\" action=\"\">\n\t\t\t<input type=\"hidden\" name=\"post_id\" value=\"421\"\/>\n\t\t\t<input type=\"hidden\" name=\"form_id\" value=\"87334da\"\/>\n\t\t\t<input type=\"hidden\" name=\"referer_title\" value=\"\" \/>\n\n\t\t\t\n\t\t\t<div class=\"elementor-form-fields-wrapper elementor-labels-\">\n\t\t\t\t\t\t\t\t<div class=\"elementor-field-type-text elementor-field-group elementor-column elementor-field-group-name elementor-col-100\">\n\t\t\t\t\t\t\t\t\t\t\t\t<label for=\"form-field-name\" class=\"elementor-field-label elementor-screen-only\">\n\t\t\t\t\t\t\t\tName (*)\t\t\t\t\t\t\t<\/label>\n\t\t\t\t\t\t\t\t\t\t\t\t\t\t<input size=\"1\" type=\"text\" name=\"form_fields[name]\" id=\"form-field-name\" class=\"elementor-field elementor-size-sm  elementor-field-textual\" placeholder=\"Name (*)\">\n\t\t\t\t\t\t\t\t\t\t\t<\/div>\n\t\t\t\t\t\t\t\t<div class=\"elementor-field-type-email elementor-field-group elementor-column elementor-field-group-email elementor-col-100 elementor-field-required\">\n\t\t\t\t\t\t\t\t\t\t\t\t<label for=\"form-field-email\" class=\"elementor-field-label elementor-screen-only\">\n\t\t\t\t\t\t\t\tEmail\t\t\t\t\t\t\t<\/label>\n\t\t\t\t\t\t\t\t\t\t\t\t\t\t<input size=\"1\" type=\"email\" name=\"form_fields[email]\" id=\"form-field-email\" class=\"elementor-field elementor-size-sm  elementor-field-textual\" placeholder=\"Email (*)\" required=\"required\" aria-required=\"true\">\n\t\t\t\t\t\t\t\t\t\t\t<\/div>\n\t\t\t\t\t\t\t\t<div class=\"elementor-field-type-text elementor-field-group elementor-column elementor-field-group-field_142b2e6 elementor-col-100\">\n\t\t\t\t\t\t\t\t\t\t\t\t<label for=\"form-field-field_142b2e6\" class=\"elementor-field-label elementor-screen-only\">\n\t\t\t\t\t\t\t\tPhone number (*)\t\t\t\t\t\t\t\t<\/label>\n\t\t\t\t\t\t\t\t\t\t\t\t\t\t<input size=\"1\" type=\"text\" name=\"form_fields[field_142b2e6]\" id=\"form-field-field_142b2e6\" class=\"elementor-field elementor-size-sm  elementor-field-textual\" placeholder=\"Phone number (*)\t\">\n\t\t\t\t\t\t\t\t\t\t\t<\/div>\n\t\t\t\t\t\t\t\t<div class=\"elementor-field-type-text elementor-field-group elementor-column elementor-field-group-field_1752b71 elementor-col-100\">\n\t\t\t\t\t\t\t\t\t\t\t\t<label for=\"form-field-field_1752b71\" class=\"elementor-field-label elementor-screen-only\">\n\t\t\t\t\t\t\t\tPersonal\/ Oganization\t\t\t\t\t\t\t<\/label>\n\t\t\t\t\t\t\t\t\t\t\t\t\t\t<input size=\"1\" type=\"text\" name=\"form_fields[field_1752b71]\" id=\"form-field-field_1752b71\" class=\"elementor-field elementor-size-sm  elementor-field-textual\" placeholder=\"Personal\/ Oganization\">\n\t\t\t\t\t\t\t\t\t\t\t<\/div>\n\t\t\t\t\t\t\t\t<div class=\"elementor-field-type-html elementor-field-group elementor-column elementor-field-group-field_57f03fa elementor-col-100\">\n\t\t\t\t\t(If a oganization please write name)\t\t\t\t\t<\/div>\n\t\t\t\t\t\t\t\t<div class=\"elementor-field-type-textarea elementor-field-group elementor-column elementor-field-group-field_b5970b1 elementor-col-100\">\n\t\t\t\t\t\t\t\t\t\t\t\t<label for=\"form-field-field_b5970b1\" class=\"elementor-field-label elementor-screen-only\">\n\t\t\t\t\t\t\t\tPlease provide a brief description of your idea.\t\t\t\t\t\t\t\t<\/label>\n\t\t\t\t\t\t<textarea class=\"elementor-field-textual elementor-field  elementor-size-sm\" name=\"form_fields[field_b5970b1]\" id=\"form-field-field_b5970b1\" rows=\"4\" placeholder=\"Please provide a brief description of your idea.\t\"><\/textarea>\t\t\t\t<\/div>\n\t\t\t\t\t\t\t\t<div class=\"elementor-field-group elementor-column elementor-field-type-submit elementor-col-100 e-form__buttons\">\n\t\t\t\t\t<button class=\"elementor-button elementor-size-sm\" type=\"submit\">\n\t\t\t\t\t\t<span class=\"elementor-button-content-wrapper\">\n\t\t\t\t\t\t\t\t\t\t\t\t\t\t\t\t\t\t\t\t\t\t<span class=\"elementor-button-text\">SEND<\/span>\n\t\t\t\t\t\t\t\t\t\t\t\t\t<\/span>\n\t\t\t\t\t<\/button>\n\t\t\t\t<\/div>\n\t\t\t<\/div>\n\t\t<input type=\"hidden\" name=\"trp-form-language\" value=\"en\"\/><\/form>\n\t\t\t\t<\/div>\n\t\t\t\t<\/div>\n\t\t\t\t\t<\/div>\n\t\t<\/div>\n\t\t\t\t<div class=\"elementor-column elementor-col-50 elementor-inner-column elementor-element elementor-element-93d3745\" data-id=\"93d3745\" data-element_type=\"column\">\n\t\t\t<div class=\"elementor-widget-wrap elementor-element-populated\">\n\t\t\t\t\t\t<div class=\"elementor-element elementor-element-1dbbd2a elementor-widget elementor-widget-text-editor\" data-id=\"1dbbd2a\" data-element_type=\"widget\" data-widget_type=\"text-editor.default\">\n\t\t\t\t<div class=\"elementor-widget-container\">\n\t\t\t\t\t\t\t<p style=\"text-align: justify\">If you need further assistance, you can contact us via:<br \/>\nHotline: 0938 904 588<br \/>\nEmail:\u00a0<a href=\"mailto:contact@msdvietnam.org\">contact@msdunitedwayvn.org<\/a><br \/>\nWorking hour: From Monday to Friday, 9 a.m to 6 p.m<\/p>\n\t\t\t\t\t\t<\/div>\n\t\t\t\t<\/div>\n\t\t\t\t\t<\/div>\n\t\t<\/div>\n\t\t\t\t\t<\/div>\n\t\t<\/section>\n\t\t\t\t<div class=\"elementor-element elementor-element-899de8e elementor-widget__width-auto elementor-invisible elementor-widget elementor-widget-heading\" data-id=\"899de8e\" data-element_type=\"widget\" data-settings=\"{&quot;_animation&quot;:&quot;fadeInRight&quot;}\" data-widget_type=\"heading.default\">\n\t\t\t\t<div class=\"elementor-widget-container\">\n\t\t\t<h2 class=\"elementor-heading-title elementor-size-default\">LASTEST NEWS<\/h2>\t\t<\/div>\n\t\t\t\t<\/div>\n\t\t\t\t<div class=\"elementor-element elementor-element-c6e347e elementor-invisible elementor-widget elementor-widget-jet-posts\" data-id=\"c6e347e\" data-element_type=\"widget\" data-settings=\"{&quot;_animation&quot;:&quot;fadeInRight&quot;,&quot;columns_mobile&quot;:&quot;1&quot;,&quot;columns&quot;:3,&quot;slides_to_scroll&quot;:&quot;1&quot;}\" data-widget_type=\"jet-posts.default\">\n\t\t\t\t<div class=\"elementor-widget-container\">\n\t\t\t<div class=\"elementor-jet-posts jet-elements\"><div class=\"jet-carousel elementor-slick-slider\" data-slider_options=\"{&quot;autoplaySpeed&quot;:5000,&quot;autoplay&quot;:true,&quot;infinite&quot;:true,&quot;pauseOnHover&quot;:false,&quot;speed&quot;:500,&quot;arrows&quot;:true,&quot;dots&quot;:false,&quot;slidesToScroll&quot;:1,&quot;prevArrow&quot;:&quot;.jet-posts__prev-arrow-c6e347e&quot;,&quot;nextArrow&quot;:&quot;.jet-posts__next-arrow-c6e347e&quot;,&quot;rtl&quot;:false}\" dir=\"ltr\"><div class=\"jet-posts col-row\"><div class=\"jet-posts__prev-arrow-c6e347e jet-arrow prev-arrow\"><i aria-hidden=\"true\" class=\"fas fa-angle-left\"><\/i><\/div><div class=\"jet-posts__next-arrow-c6e347e jet-arrow next-arrow\"><i aria-hidden=\"true\" class=\"fas fa-angle-right\"><\/i><\/div><div class=\"jet-posts__item\">\n\t<div class=\"jet-posts__inner-box\"><div class=\"post-thumbnail\"><a href=\"https:\/\/msdunitedwayvn.org\/en\/2026\/02\/17\/zalopay-dai-su-nuoc-mang-nuoc-sach-den-truong-bien-gioi\/\" class=\"post-thumbnail__link\"><img loading=\"lazy\" decoding=\"async\" class=\"post-thumbnail__img wp-post-image\" src=\"https:\/\/msdunitedwayvn.org\/wp-content\/uploads\/2026\/01\/4-400x400.png\" alt=\"[Zalopay] \u0110\u1ea0I S\u1ee8 N\u01af\u1edaC - Mang n\u01b0\u1edbc s\u1ea1ch \u0111\u1ebfn tr\u01b0\u1eddng bi\u00ean gi\u1edbi\" width=\"400\" height=\"400\"><\/a><\/div><div class=\"jet-posts__inner-content\"><h4 class=\"entry-title\"><a href=\"https:\/\/msdunitedwayvn.org\/en\/2026\/02\/17\/zalopay-dai-su-nuoc-mang-nuoc-sach-den-truong-bien-gioi\/\" target=\"\">[Zalopay] \u0110\u1ea0I S\u1ee8 N\u01af\u1edaC - Mang n\u01b0\u1edbc s\u1ea1ch...<\/a><\/h4><div class=\"jet-more-wrap\"><a href=\"https:\/\/msdunitedwayvn.org\/en\/2026\/02\/17\/zalopay-dai-su-nuoc-mang-nuoc-sach-den-truong-bien-gioi\/\" class=\"btn btn-primary elementor-button elementor-size-md jet-more\" target=\"\"><span class=\"btn__text\">See More<\/span><\/a><\/div><\/div><\/div>\n<\/div>\n<div class=\"jet-posts__item\">\n\t<div class=\"jet-posts__inner-box\"><div class=\"post-thumbnail\"><a href=\"https:\/\/msdunitedwayvn.org\/en\/2026\/02\/16\/zalopay-cung-em-buoc-qua-mua-lu-dong-gop-nho-tao-nen-suc-manh-lon\/\" class=\"post-thumbnail__link\"><img loading=\"lazy\" decoding=\"async\" class=\"post-thumbnail__img wp-post-image\" src=\"https:\/\/msdunitedwayvn.org\/wp-content\/uploads\/2026\/01\/1-400x400.png\" alt=\"[Zalopay] C\u00d9NG EM B\u01af\u1edaC QUA M\u00d9A L\u0168 - \u0110\u00f3ng g\u00f3p nh\u1ecf t\u1ea1o n\u00ean s\u1ee9c m\u1ea1nh l\u1edbn\" width=\"400\" height=\"400\"><\/a><\/div><div class=\"jet-posts__inner-content\"><h4 class=\"entry-title\"><a href=\"https:\/\/msdunitedwayvn.org\/en\/2026\/02\/16\/zalopay-cung-em-buoc-qua-mua-lu-dong-gop-nho-tao-nen-suc-manh-lon\/\" target=\"\">[Zalopay] C\u00d9NG EM B\u01af\u1edaC QUA M\u00d9A L\u0168 -...<\/a><\/h4><div class=\"jet-more-wrap\"><a href=\"https:\/\/msdunitedwayvn.org\/en\/2026\/02\/16\/zalopay-cung-em-buoc-qua-mua-lu-dong-gop-nho-tao-nen-suc-manh-lon\/\" class=\"btn btn-primary elementor-button elementor-size-md jet-more\" target=\"\"><span class=\"btn__text\">See More<\/span><\/a><\/div><\/div><\/div>\n<\/div>\n<div class=\"jet-posts__item\">\n\t<div class=\"jet-posts__inner-box\"><div class=\"post-thumbnail\"><a href=\"https:\/\/msdunitedwayvn.org\/en\/2026\/02\/16\/zalopay-den-truong-khong-con-la-dieu-uoc-khi-mot-co-hoi-nho-co-the-mo-ra-ca-tuong-lai\/\" class=\"post-thumbnail__link\"><img loading=\"lazy\" decoding=\"async\" class=\"post-thumbnail__img wp-post-image\" src=\"https:\/\/msdunitedwayvn.org\/wp-content\/uploads\/2026\/01\/2-400x400.png\" alt=\"[Zalopay] \u0110\u1ebeN TR\u01af\u1edcNG KH\u00d4NG C\u00d2N L\u00c0 \u0110I\u1ec0U \u01af\u1edaC - \u0110\u1ed3ng h\u00e0nh c\u00f9ng tr\u1ebb, Vi\u1ebft ti\u1ebfp t\u01b0\u01a1ng lai\" width=\"400\" height=\"400\"><\/a><\/div><div class=\"jet-posts__inner-content\"><h4 class=\"entry-title\"><a href=\"https:\/\/msdunitedwayvn.org\/en\/2026\/02\/16\/zalopay-den-truong-khong-con-la-dieu-uoc-khi-mot-co-hoi-nho-co-the-mo-ra-ca-tuong-lai\/\" target=\"\">[Zalopay] \u0110\u1ebeN TR\u01af\u1edcNG KH\u00d4NG C\u00d2N L\u00c0 \u0110I\u1ec0U \u01af\u1edaC...<\/a><\/h4><div class=\"jet-more-wrap\"><a href=\"https:\/\/msdunitedwayvn.org\/en\/2026\/02\/16\/zalopay-den-truong-khong-con-la-dieu-uoc-khi-mot-co-hoi-nho-co-the-mo-ra-ca-tuong-lai\/\" class=\"btn btn-primary elementor-button elementor-size-md jet-more\" target=\"\"><span class=\"btn__text\">See More<\/span><\/a><\/div><\/div><\/div>\n<\/div>\n<div class=\"jet-posts__item\">\n\t<div class=\"jet-posts__inner-box\"><div class=\"post-thumbnail\"><a href=\"https:\/\/msdunitedwayvn.org\/en\/2026\/02\/15\/%f0%9f%8c%a7%ef%b8%8f-cung-em-buoc-qua-mua-lu-vi-mot-viet-nam-kien-cuong\/\" class=\"post-thumbnail__link\"><img loading=\"lazy\" decoding=\"async\" class=\"post-thumbnail__img wp-post-image\" src=\"https:\/\/msdunitedwayvn.org\/wp-content\/uploads\/2026\/01\/1-400x400.png\" alt=\"[Zalopay] C\u00d9NG EM B\u01af\u1edaC QUA M\u00d9A L\u0168 - Vai tr\u00f2 c\u1ee7a gi\u1ea3i ph\u00e1p h\u1ed7 tr\u1ee3\" width=\"400\" height=\"400\"><\/a><\/div><div class=\"jet-posts__inner-content\"><h4 class=\"entry-title\"><a href=\"https:\/\/msdunitedwayvn.org\/en\/2026\/02\/15\/%f0%9f%8c%a7%ef%b8%8f-cung-em-buoc-qua-mua-lu-vi-mot-viet-nam-kien-cuong\/\" target=\"\">[Zalopay] C\u00d9NG EM B\u01af\u1edaC QUA M\u00d9A L\u0168 -...<\/a><\/h4><div class=\"jet-more-wrap\"><a href=\"https:\/\/msdunitedwayvn.org\/en\/2026\/02\/15\/%f0%9f%8c%a7%ef%b8%8f-cung-em-buoc-qua-mua-lu-vi-mot-viet-nam-kien-cuong\/\" class=\"btn btn-primary elementor-button elementor-size-md jet-more\" target=\"\"><span class=\"btn__text\">See More<\/span><\/a><\/div><\/div><\/div>\n<\/div>\n<div class=\"jet-posts__item\">\n\t<div class=\"jet-posts__inner-box\"><div class=\"post-thumbnail\"><a href=\"https:\/\/msdunitedwayvn.org\/en\/2026\/02\/02\/dai-su-moi-truong-x-zalopay-trong-rung-hom-nay-bao-ve-tuong-lai-mai-sau\/\" class=\"post-thumbnail__link\"><img loading=\"lazy\" decoding=\"async\" class=\"post-thumbnail__img wp-post-image\" src=\"https:\/\/msdunitedwayvn.org\/wp-content\/uploads\/2026\/01\/3-400x400.png\" alt=\"[Zalopay] \u0110\u1ea0I S\u1ee8 M\u00d4I TR\u01af\u1edcNG - Ph\u1ee7 xanh \u0110\u1ed3ng b\u1eb1ng s\u00f4ng C\u1eedu Long\" width=\"400\" height=\"400\"><\/a><\/div><div class=\"jet-posts__inner-content\"><h4 class=\"entry-title\"><a href=\"https:\/\/msdunitedwayvn.org\/en\/2026\/02\/02\/dai-su-moi-truong-x-zalopay-trong-rung-hom-nay-bao-ve-tuong-lai-mai-sau\/\" target=\"\">[Zalopay] \u0110\u1ea0I S\u1ee8 M\u00d4I TR\u01af\u1edcNG - Ph\u1ee7 xanh...<\/a><\/h4><div class=\"jet-more-wrap\"><a href=\"https:\/\/msdunitedwayvn.org\/en\/2026\/02\/02\/dai-su-moi-truong-x-zalopay-trong-rung-hom-nay-bao-ve-tuong-lai-mai-sau\/\" class=\"btn btn-primary elementor-button elementor-size-md jet-more\" target=\"\"><span class=\"btn__text\">See More<\/span><\/a><\/div><\/div><\/div>\n<\/div>\n<div class=\"jet-posts__item\">\n\t<div class=\"jet-posts__inner-box\"><div class=\"post-thumbnail\"><a href=\"https:\/\/msdunitedwayvn.org\/en\/2026\/01\/16\/viet-nam-chung-tay-giup-nhau-tet-nay-du-an-gay-quy-zalopay-x-msd-united-way-vietnam\/\" class=\"post-thumbnail__link\"><img loading=\"lazy\" decoding=\"async\" class=\"post-thumbnail__img wp-post-image\" src=\"https:\/\/msdunitedwayvn.org\/wp-content\/uploads\/2026\/01\/Zalopay-Frame-vuong-400x400.png\" alt=\"[Zalopay] Vi\u1ec7t Nam chung tay gi\u00fap nhau T\u1ebft n\u00e0y - D\u1ef1 \u00e1n g\u00e2y qu\u1ef9 Zalopay x MSD United Way Vietnam\" width=\"400\" height=\"400\"><\/a><\/div><div class=\"jet-posts__inner-content\"><h4 class=\"entry-title\"><a href=\"https:\/\/msdunitedwayvn.org\/en\/2026\/01\/16\/viet-nam-chung-tay-giup-nhau-tet-nay-du-an-gay-quy-zalopay-x-msd-united-way-vietnam\/\" target=\"\">[Zalopay] Vi\u1ec7t Nam chung tay gi\u00fap nhau T\u1ebft...<\/a><\/h4><div class=\"jet-more-wrap\"><a href=\"https:\/\/msdunitedwayvn.org\/en\/2026\/01\/16\/viet-nam-chung-tay-giup-nhau-tet-nay-du-an-gay-quy-zalopay-x-msd-united-way-vietnam\/\" class=\"btn btn-primary elementor-button elementor-size-md jet-more\" target=\"\"><span class=\"btn__text\">See More<\/span><\/a><\/div><\/div><\/div>\n<\/div>\n<div class=\"jet-posts__item\">\n\t<div class=\"jet-posts__inner-box\"><div class=\"post-thumbnail\"><a href=\"https:\/\/msdunitedwayvn.org\/en\/2025\/12\/31\/thang-12-tai-thcs-thi-tran-thach-giam-nghe-an-mot-mua-dong-am-ap-trong-hanh-trinh-phuc-hoi\/\" class=\"post-thumbnail__link\"><img loading=\"lazy\" decoding=\"async\" class=\"post-thumbnail__img wp-post-image\" src=\"https:\/\/msdunitedwayvn.org\/wp-content\/uploads\/2025\/12\/600562716_1216920570537084_8398477921391316159_n-400x400.jpg\" alt=\"Th\u00e1ng 12 t\u1ea1i THCS Th\u1ecb tr\u1ea5n Th\u1ea1ch Gi\u00e1m (Ngh\u1ec7 An): M\u1ed9t m\u00f9a \u0111\u00f4ng \u1ea5m \u00e1p trong h\u00e0nh tr\u00ecnh ph\u1ee5c h\u1ed3i\" width=\"400\" height=\"400\"><\/a><\/div><div class=\"jet-posts__inner-content\"><h4 class=\"entry-title\"><a href=\"https:\/\/msdunitedwayvn.org\/en\/2025\/12\/31\/thang-12-tai-thcs-thi-tran-thach-giam-nghe-an-mot-mua-dong-am-ap-trong-hanh-trinh-phuc-hoi\/\" target=\"\">Th\u00e1ng 12 t\u1ea1i THCS Th\u1ecb tr\u1ea5n Th\u1ea1ch Gi\u00e1m...<\/a><\/h4><div class=\"jet-more-wrap\"><a href=\"https:\/\/msdunitedwayvn.org\/en\/2025\/12\/31\/thang-12-tai-thcs-thi-tran-thach-giam-nghe-an-mot-mua-dong-am-ap-trong-hanh-trinh-phuc-hoi\/\" class=\"btn btn-primary elementor-button elementor-size-md jet-more\" target=\"\"><span class=\"btn__text\">See More<\/span><\/a><\/div><\/div><\/div>\n<\/div>\n<div class=\"jet-posts__item\">\n\t<div class=\"jet-posts__inner-box\"><div class=\"post-thumbnail\"><a href=\"https:\/\/msdunitedwayvn.org\/en\/2025\/12\/20\/trang-moi-cuoc-doi-tuong-lai-cua-con-la-uoc-mong-cua-cha-me-them-mot-giay-khai-sinh-duoc-trao-tay\/\" class=\"post-thumbnail__link\"><img loading=\"lazy\" decoding=\"async\" class=\"post-thumbnail__img wp-post-image\" src=\"https:\/\/msdunitedwayvn.org\/wp-content\/uploads\/2026\/01\/611355149_1225336586362149_5926114171194060098_n-400x400.jpg\" alt=\"Trang M\u1edbi Cu\u1ed9c \u0110\u1eddi: T\u01b0\u01a1ng lai c\u1ee7a con l\u00e0 \u01b0\u1edbc mong c\u1ee7a cha m\u1eb9 \u2013 Th\u00eam m\u1ed9t gi\u1ea5y khai sinh \u0111\u01b0\u1ee3c trao tay\" width=\"400\" height=\"400\"><\/a><\/div><div class=\"jet-posts__inner-content\"><h4 class=\"entry-title\"><a href=\"https:\/\/msdunitedwayvn.org\/en\/2025\/12\/20\/trang-moi-cuoc-doi-tuong-lai-cua-con-la-uoc-mong-cua-cha-me-them-mot-giay-khai-sinh-duoc-trao-tay\/\" target=\"\">Trang M\u1edbi Cu\u1ed9c \u0110\u1eddi: T\u01b0\u01a1ng lai c\u1ee7a con...<\/a><\/h4><div class=\"jet-more-wrap\"><a href=\"https:\/\/msdunitedwayvn.org\/en\/2025\/12\/20\/trang-moi-cuoc-doi-tuong-lai-cua-con-la-uoc-mong-cua-cha-me-them-mot-giay-khai-sinh-duoc-trao-tay\/\" class=\"btn btn-primary elementor-button elementor-size-md jet-more\" target=\"\"><span class=\"btn__text\">See More<\/span><\/a><\/div><\/div><\/div>\n<\/div>\n<div class=\"jet-posts__item\">\n\t<div class=\"jet-posts__inner-box\"><div class=\"post-thumbnail\"><a href=\"https:\/\/msdunitedwayvn.org\/en\/2025\/12\/18\/cong-trinh-cai-tao-nha-ve-sinh-truong-thcs-chu-van-an-quang-tri-chinh-thuc-duoc-ban-giao-va-dua-vao-su-dung\/\" class=\"post-thumbnail__link\"><img loading=\"lazy\" decoding=\"async\" class=\"post-thumbnail__img wp-post-image\" src=\"https:\/\/msdunitedwayvn.org\/wp-content\/uploads\/2025\/12\/z7340499139274_25d6149f4bd3ae204d30c2683e126c0c-400x400.jpg\" alt=\"C\u00d4NG TR\u00ccNH C\u1ea2I T\u1ea0O NH\u00c0 V\u1ec6 SINH TR\u01af\u1edcNG THCS CHU V\u0102N AN (QU\u1ea2NG TR\u1eca) CH\u00cdNH TH\u1ee8C \u0110\u01af\u1ee2C B\u00c0N GIAO V\u00c0 \u0110\u01afA V\u00c0O S\u1eec D\u1ee4NG\" width=\"400\" height=\"400\"><\/a><\/div><div class=\"jet-posts__inner-content\"><h4 class=\"entry-title\"><a href=\"https:\/\/msdunitedwayvn.org\/en\/2025\/12\/18\/cong-trinh-cai-tao-nha-ve-sinh-truong-thcs-chu-van-an-quang-tri-chinh-thuc-duoc-ban-giao-va-dua-vao-su-dung\/\" target=\"\">C\u00d4NG TR\u00ccNH C\u1ea2I T\u1ea0O NH\u00c0 V\u1ec6 SINH TR\u01af\u1edcNG...<\/a><\/h4><div class=\"jet-more-wrap\"><a href=\"https:\/\/msdunitedwayvn.org\/en\/2025\/12\/18\/cong-trinh-cai-tao-nha-ve-sinh-truong-thcs-chu-van-an-quang-tri-chinh-thuc-duoc-ban-giao-va-dua-vao-su-dung\/\" class=\"btn btn-primary elementor-button elementor-size-md jet-more\" target=\"\"><span class=\"btn__text\">See More<\/span><\/a><\/div><\/div><\/div>\n<\/div>\n<div class=\"jet-posts__item\">\n\t<div class=\"jet-posts__inner-box\"><div class=\"post-thumbnail\"><a href=\"https:\/\/msdunitedwayvn.org\/en\/2025\/12\/13\/le-phat-dong-chuong-trinh-giao-duc-va-cuoc-thi-ai-for-good-viet-nam-2026\/\" class=\"post-thumbnail__link\"><img loading=\"lazy\" decoding=\"async\" class=\"post-thumbnail__img wp-post-image\" src=\"https:\/\/msdunitedwayvn.org\/wp-content\/uploads\/2025\/12\/00-Chuong-trinh-giao-duc-va-Cuoc-thi-AI-for-Good-Viet-Nam-2026-da-chinh-thuc-duoc-phat-dong-400x400.jpg\" alt=\"L\u1ec4 PH\u00c1T \u0110\u1ed8NG CH\u01af\u01a0NG TR\u00ccNH GI\u00c1O D\u1ee4C V\u00c0 CU\u1ed8C THI AI FOR GOOD VI\u1ec6T NAM 2026\" width=\"400\" height=\"400\"><\/a><\/div><div class=\"jet-posts__inner-content\"><h4 class=\"entry-title\"><a href=\"https:\/\/msdunitedwayvn.org\/en\/2025\/12\/13\/le-phat-dong-chuong-trinh-giao-duc-va-cuoc-thi-ai-for-good-viet-nam-2026\/\" target=\"\">L\u1ec4 PH\u00c1T \u0110\u1ed8NG CH\u01af\u01a0NG TR\u00ccNH GI\u00c1O D\u1ee4C V\u00c0...<\/a><\/h4><div class=\"jet-more-wrap\"><a href=\"https:\/\/msdunitedwayvn.org\/en\/2025\/12\/13\/le-phat-dong-chuong-trinh-giao-duc-va-cuoc-thi-ai-for-good-viet-nam-2026\/\" class=\"btn btn-primary elementor-button elementor-size-md jet-more\" target=\"\"><span class=\"btn__text\">See More<\/span><\/a><\/div><\/div><\/div>\n<\/div>\n<\/div>\n<\/div><\/div>\t\t<\/div>\n\t\t\t\t<\/div>\n\t\t\t\t\t<\/div>\n\t\t<\/div>\n\t\t\t\t\t<\/div>\n\t\t<\/section>\n\t\t\t\t<\/div>","protected":false},"excerpt":{"rendered":"<p>Workshop l\u00e0m n\u1ebfn th\u01a1m \u201cXmas Candles\u201d g\u00e2y qu\u1ef9&#8230; Xem th\u00eam \u201cN\u00e9t c\u1ecd nh\u1ecf v\u1ebd \u01b0\u1edbc m\u01a1 to\u201d -&#8230; Xem th\u00eam \u0110\u00eam nh\u1ea1c g\u00e2y qu\u1ef9 \u201cAir On Strings\u201d -&#8230; Xem th\u00eam H\u1ed9i th\u1ea3o gi\u1edbi thi\u1ec7u chi\u1ebfn d\u1ecbch truy\u1ec1n th\u00f4ng&#8230; Xem th\u00eam<\/p>","protected":false},"author":1,"featured_media":0,"parent":0,"menu_order":0,"comment_status":"closed","ping_status":"closed","template":"","meta":{"footnotes":""},"_links":{"self":[{"href":"https:\/\/msdunitedwayvn.org\/en\/wp-json\/wp\/v2\/pages\/421"}],"collection":[{"href":"https:\/\/msdunitedwayvn.org\/en\/wp-json\/wp\/v2\/pages"}],"about":[{"href":"https:\/\/msdunitedwayvn.org\/en\/wp-json\/wp\/v2\/types\/page"}],"author":[{"embeddable":true,"href":"https:\/\/msdunitedwayvn.org\/en\/wp-json\/wp\/v2\/users\/1"}],"replies":[{"embeddable":true,"href":"https:\/\/msdunitedwayvn.org\/en\/wp-json\/wp\/v2\/comments?post=421"}],"version-history":[{"count":0,"href":"https:\/\/msdunitedwayvn.org\/en\/wp-json\/wp\/v2\/pages\/421\/revisions"}],"wp:attachment":[{"href":"https:\/\/msdunitedwayvn.org\/en\/wp-json\/wp\/v2\/media?parent=421"}],"curies":[{"name":"wp","href":"https:\/\/api.w.org\/{rel}","templated":true}]}}