{"id":2849,"date":"2023-02-10T15:58:19","date_gmt":"2023-02-10T08:58:19","guid":{"rendered":"https:\/\/msdunitedwayvn.org\/?post_type=product&#038;p=2849"},"modified":"2023-02-20T10:38:26","modified_gmt":"2023-02-20T03:38:26","slug":"moc-khoa-anime-chibi-5","status":"publish","type":"product","link":"https:\/\/msdunitedwayvn.org\/en\/product\/moc-khoa-anime-chibi-5\/","title":{"rendered":"5cm Anime Chibi Keyring"},"content":{"rendered":"<p>M\u00f3c kh\u00f3a Anime Chibi l\u00e0 m\u00f3n ph\u1ee5 ki\u1ec7n xinh x\u1eafn m\u00e0 b\u1ea1n c\u00f3 th\u1ec3 lu\u00f4n gi\u1eef \u1edf b\u00ean m\u00ecnh hay t\u1eb7ng cho ng\u01b0\u1eddi th\u00e2n, b\u1ea1n b\u00e8 xung quanh. Khi b\u1ea1n mua m\u00f3c kh\u00f3a t\u1ea1i MSD United Way Vi\u1ec7t Nam, b\u1ea1n c\u00f2n \u0111ang g\u00f3p s\u1ee9c m\u00ecnh v\u00e0o vi\u1ec7c h\u1ed7 tr\u1ee3 c\u00e1c nh\u00f3m \u0111\u1ed1i t\u01b0\u1ee3ng c\u00f3 ho\u00e0n c\u1ea3nh kh\u00f3 kh\u0103n m\u00e0 ch\u00fang t\u00f4i \u0111ang \u0111\u1ed3ng h\u00e0nh.<\/p>\n<p><strong>Th\u00f4ng tin s\u1ea3n ph\u1ea9m<\/strong><\/p>\n<p>K\u00edch th\u01b0\u1edbc: 5cm.<\/p>\n<p>Ch\u1ea5t li\u1ec7u: Acrylic.<\/p>\n<p>H\u1ecda s\u0129: Nami (73)<\/p>","protected":false},"excerpt":{"rendered":"<p>K\u00edch th\u01b0\u1edbc: 5cm.<\/p>\n<p>Ch\u1ea5t li\u1ec7u: Acrylic.<\/p>\n<p>H\u1ecda s\u0129: Nami (73)<\/p>","protected":false},"featured_media":2838,"template":"","meta":[],"product_cat":[43,39],"product_tag":[],"_links":{"self":[{"href":"https:\/\/msdunitedwayvn.org\/en\/wp-json\/wp\/v2\/product\/2849"}],"collection":[{"href":"https:\/\/msdunitedwayvn.org\/en\/wp-json\/wp\/v2\/product"}],"about":[{"href":"https:\/\/msdunitedwayvn.org\/en\/wp-json\/wp\/v2\/types\/product"}],"version-history":[{"count":0,"href":"https:\/\/msdunitedwayvn.org\/en\/wp-json\/wp\/v2\/product\/2849\/revisions"}],"wp:featuredmedia":[{"embeddable":true,"href":"https:\/\/msdunitedwayvn.org\/en\/wp-json\/wp\/v2\/media\/2838"}],"wp:attachment":[{"href":"https:\/\/msdunitedwayvn.org\/en\/wp-json\/wp\/v2\/media?parent=2849"}],"wp:term":[{"taxonomy":"product_cat","embeddable":true,"href":"https:\/\/msdunitedwayvn.org\/en\/wp-json\/wp\/v2\/product_cat?post=2849"},{"taxonomy":"product_tag","embeddable":true,"href":"https:\/\/msdunitedwayvn.org\/en\/wp-json\/wp\/v2\/product_tag?post=2849"}],"curies":[{"name":"wp","href":"https:\/\/api.w.org\/{rel}","templated":true}]}}