{"id":2991,"date":"2023-02-20T14:07:23","date_gmt":"2023-02-20T07:07:23","guid":{"rendered":"https:\/\/msdunitedwayvn.org\/?post_type=product&#038;p=2991"},"modified":"2023-02-20T17:04:48","modified_gmt":"2023-02-20T10:04:48","slug":"ao-ren-hoa-tay-dai","status":"publish","type":"product","link":"https:\/\/msdunitedwayvn.org\/en\/product\/ao-ren-hoa-tay-dai\/","title":{"rendered":"Long-Sleeve Floral Lace Top"},"content":{"rendered":"<p>\u00c1o ki\u1ec3u c\u00f3 2 l\u1edbp, l\u1edbp ngo\u00e0i l\u00e0 v\u1ea3i ren, l\u00f3t trong tho\u00e1ng m\u00e1t<\/p>\n<p>Th\u00f4ng tin s\u1ea3n ph\u1ea9m<\/p>\n<p>K\u00edch c\u1ee1: S (d\u01b0\u1edbi 45kg)<\/p>\n<p>T\u00ecnh tr\u1ea1ng: c\u0169<\/p>\n<p>Made in Vi\u1ec7t Nam<\/p>","protected":false},"excerpt":{"rendered":"<p>K\u00edch c\u1ee1: S (d\u01b0\u1edbi 45kg)<\/p>\n<p>Made in Vi\u1ec7t Nam<\/p>","protected":false},"featured_media":2980,"template":"","meta":[],"product_cat":[39,55],"product_tag":[],"_links":{"self":[{"href":"https:\/\/msdunitedwayvn.org\/en\/wp-json\/wp\/v2\/product\/2991"}],"collection":[{"href":"https:\/\/msdunitedwayvn.org\/en\/wp-json\/wp\/v2\/product"}],"about":[{"href":"https:\/\/msdunitedwayvn.org\/en\/wp-json\/wp\/v2\/types\/product"}],"version-history":[{"count":0,"href":"https:\/\/msdunitedwayvn.org\/en\/wp-json\/wp\/v2\/product\/2991\/revisions"}],"wp:featuredmedia":[{"embeddable":true,"href":"https:\/\/msdunitedwayvn.org\/en\/wp-json\/wp\/v2\/media\/2980"}],"wp:attachment":[{"href":"https:\/\/msdunitedwayvn.org\/en\/wp-json\/wp\/v2\/media?parent=2991"}],"wp:term":[{"taxonomy":"product_cat","embeddable":true,"href":"https:\/\/msdunitedwayvn.org\/en\/wp-json\/wp\/v2\/product_cat?post=2991"},{"taxonomy":"product_tag","embeddable":true,"href":"https:\/\/msdunitedwayvn.org\/en\/wp-json\/wp\/v2\/product_tag?post=2991"}],"curies":[{"name":"wp","href":"https:\/\/api.w.org\/{rel}","templated":true}]}}